{"id":770,"date":"2026-02-13T13:10:33","date_gmt":"2026-02-13T16:10:33","guid":{"rendered":"https:\/\/patagoniarte.com\/?post_type=product&#038;p=770"},"modified":"2026-02-22T15:52:54","modified_gmt":"2026-02-22T18:52:54","slug":"bitacora-de-una-experiencia-para-la-educacion-anfibia-el-uso-pragmatico-de-las-tic","status":"publish","type":"product","link":"https:\/\/patagoniarte.com\/index.php\/producto\/bitacora-de-una-experiencia-para-la-educacion-anfibia-el-uso-pragmatico-de-las-tic\/","title":{"rendered":"Bit\u00e1cora de una experiencia para la educaci\u00f3n anfibia. El uso pragm\u00e1tico de las TIC"},"content":{"rendered":"<p>Publicaci\u00f3n acad\u00e9mica con ISBN que documenta y reflexiona sobre una experiencia educativa situada en el sur de la Argentina, anticipando los desaf\u00edos que luego la pandemia volvi\u00f3 urgentes en relaci\u00f3n con la cultura digital y los procesos de adaptaci\u00f3n pedag\u00f3gica.<\/p>\n<p>Estos ejemplares son de mi archivo personal y ser\u00e1n firmado por la autora con la inscripci\u00f3n:<\/p>\n<p>\u201cEjemplar de mi archivo personal\u201d<\/p>\n","protected":false},"excerpt":{"rendered":"<p>Tapa blanda<br \/>\nISBN<br \/>\nIdioma: Espa\u00f1ol<br \/>\nA\u00f1o de publicaci\u00f3n: 2019<br \/>\nEjemplar firmado por la autora<\/p>\n<p><a href=\"https:\/\/patagoniarte.com\/index.php\/consultar-disponibilidad\/\">CONSULTAR DISPONIBILIDAD<\/a><\/p>\n","protected":false},"featured_media":771,"comment_status":"closed","ping_status":"closed","template":"","meta":[],"product_brand":[],"product_cat":[23],"product_tag":[],"class_list":{"0":"post-770","1":"product","2":"type-product","3":"status-publish","4":"has-post-thumbnail","6":"product_cat-libro-academico","8":"first","9":"instock","10":"shipping-taxable","11":"purchasable","12":"product-type-simple"},"_links":{"self":[{"href":"https:\/\/patagoniarte.com\/index.php\/wp-json\/wp\/v2\/product\/770","targetHints":{"allow":["GET"]}}],"collection":[{"href":"https:\/\/patagoniarte.com\/index.php\/wp-json\/wp\/v2\/product"}],"about":[{"href":"https:\/\/patagoniarte.com\/index.php\/wp-json\/wp\/v2\/types\/product"}],"replies":[{"embeddable":true,"href":"https:\/\/patagoniarte.com\/index.php\/wp-json\/wp\/v2\/comments?post=770"}],"wp:featuredmedia":[{"embeddable":true,"href":"https:\/\/patagoniarte.com\/index.php\/wp-json\/wp\/v2\/media\/771"}],"wp:attachment":[{"href":"https:\/\/patagoniarte.com\/index.php\/wp-json\/wp\/v2\/media?parent=770"}],"wp:term":[{"taxonomy":"product_brand","embeddable":true,"href":"https:\/\/patagoniarte.com\/index.php\/wp-json\/wp\/v2\/product_brand?post=770"},{"taxonomy":"product_cat","embeddable":true,"href":"https:\/\/patagoniarte.com\/index.php\/wp-json\/wp\/v2\/product_cat?post=770"},{"taxonomy":"product_tag","embeddable":true,"href":"https:\/\/patagoniarte.com\/index.php\/wp-json\/wp\/v2\/product_tag?post=770"}],"curies":[{"name":"wp","href":"https:\/\/api.w.org\/{rel}","templated":true}]}}