{"id":873,"date":"2026-02-16T12:05:05","date_gmt":"2026-02-16T15:05:05","guid":{"rendered":"https:\/\/patagoniarte.com\/?page_id=873"},"modified":"2026-03-18T03:08:26","modified_gmt":"2026-03-18T06:08:26","slug":"sitios-web-para-artistas","status":"publish","type":"page","link":"https:\/\/patagoniarte.com\/index.php\/sitios-web-para-artistas\/","title":{"rendered":"SITIOS WEB PARA ARTISTAS"},"content":{"rendered":"\t\t<div data-elementor-type=\"wp-page\" data-elementor-id=\"873\" class=\"elementor elementor-873\" data-elementor-post-type=\"page\">\n\t\t\t\t\t\t<section class=\"elementor-section elementor-top-section elementor-element elementor-element-4651eca elementor-section-boxed elementor-section-height-default elementor-section-height-default\" data-id=\"4651eca\" data-element_type=\"section\" data-e-type=\"section\">\n\t\t\t\t\t\t<div class=\"elementor-container elementor-column-gap-default\">\n\t\t\t\t\t<div class=\"elementor-column elementor-col-100 elementor-top-column elementor-element elementor-element-4b1ffd4\" data-id=\"4b1ffd4\" data-element_type=\"column\" data-e-type=\"column\">\n\t\t\t<div class=\"elementor-widget-wrap elementor-element-populated\">\n\t\t\t\t\t\t<div class=\"elementor-element elementor-element-3d34643 elementor-widget elementor-widget-image\" data-id=\"3d34643\" data-element_type=\"widget\" data-e-type=\"widget\" data-widget_type=\"image.default\">\n\t\t\t\t<div class=\"elementor-widget-container\">\n\t\t\t\t\t\t\t\t\t\t\t\t\t\t\t<img fetchpriority=\"high\" decoding=\"async\" width=\"768\" height=\"312\" src=\"https:\/\/patagoniarte.com\/wp-content\/uploads\/2026\/02\/diseo-web-para-artistas-768x312.png\" class=\"attachment-medium_large size-medium_large wp-image-875\" alt=\"\" srcset=\"https:\/\/patagoniarte.com\/wp-content\/uploads\/2026\/02\/diseo-web-para-artistas-768x312.png 768w, https:\/\/patagoniarte.com\/wp-content\/uploads\/2026\/02\/diseo-web-para-artistas-600x244.png 600w, https:\/\/patagoniarte.com\/wp-content\/uploads\/2026\/02\/diseo-web-para-artistas-300x122.png 300w, https:\/\/patagoniarte.com\/wp-content\/uploads\/2026\/02\/diseo-web-para-artistas-1024x416.png 1024w, https:\/\/patagoniarte.com\/wp-content\/uploads\/2026\/02\/diseo-web-para-artistas-1536x624.png 1536w, https:\/\/patagoniarte.com\/wp-content\/uploads\/2026\/02\/diseo-web-para-artistas-2048x832.png 2048w\" sizes=\"(max-width: 768px) 100vw, 768px\" \/>\t\t\t\t\t\t\t\t\t\t\t\t\t\t\t<\/div>\n\t\t\t\t<\/div>\n\t\t\t\t\t<\/div>\n\t\t<\/div>\n\t\t\t\t\t<\/div>\n\t\t<\/section>\n\t\t\t\t<section class=\"elementor-section elementor-top-section elementor-element elementor-element-491b3be elementor-section-boxed elementor-section-height-default elementor-section-height-default\" data-id=\"491b3be\" data-element_type=\"section\" data-e-type=\"section\">\n\t\t\t\t\t\t<div class=\"elementor-container elementor-column-gap-default\">\n\t\t\t\t\t<div class=\"elementor-column elementor-col-100 elementor-top-column elementor-element elementor-element-c13009a\" data-id=\"c13009a\" data-element_type=\"column\" data-e-type=\"column\">\n\t\t\t<div class=\"elementor-widget-wrap elementor-element-populated\">\n\t\t\t\t\t\t<div class=\"elementor-element elementor-element-9d96b3e elementor-widget__width-initial elementor-widget elementor-widget-text-editor\" data-id=\"9d96b3e\" data-element_type=\"widget\" data-e-type=\"widget\" data-widget_type=\"text-editor.default\">\n\t\t\t\t<div class=\"elementor-widget-container\">\n\t\t\t\t\t\t\t\t\t<p>Dise\u00f1o sitios web para artistas que quieren una presencia digital con identidad, coherencia y alma.<br \/>No plantillas gen\u00e9ricas: espacios pensados a medida, donde tu obra respira, se ordena y se proyecta.<\/p><p>Trabajo desde una mirada sensible y estrat\u00e9gica: estructura clara, est\u00e9tica cuidada y autonom\u00eda para que puedas habitar tu propio sitio sin depender de nadie.<\/p><p>Un laboratorio para traducir tu universo creativo al lenguaje digital.<br \/>Con belleza. Con criterio. Con intenci\u00f3n.<\/p>\t\t\t\t\t\t\t\t<\/div>\n\t\t\t\t<\/div>\n\t\t\t\t\t<\/div>\n\t\t<\/div>\n\t\t\t\t\t<\/div>\n\t\t<\/section>\n\t\t\t\t<section class=\"elementor-section elementor-top-section elementor-element elementor-element-b5a0fed elementor-section-boxed elementor-section-height-default elementor-section-height-default\" data-id=\"b5a0fed\" data-element_type=\"section\" data-e-type=\"section\">\n\t\t\t\t\t\t<div class=\"elementor-container elementor-column-gap-default\">\n\t\t\t\t\t<div class=\"elementor-column elementor-col-100 elementor-top-column elementor-element elementor-element-7c2e481\" data-id=\"7c2e481\" data-element_type=\"column\" data-e-type=\"column\">\n\t\t\t<div class=\"elementor-widget-wrap elementor-element-populated\">\n\t\t\t\t\t\t<div class=\"elementor-element elementor-element-6e7314a elementor-align-center elementor-widget elementor-widget-button\" data-id=\"6e7314a\" data-element_type=\"widget\" data-e-type=\"widget\" data-widget_type=\"button.default\">\n\t\t\t\t<div class=\"elementor-widget-container\">\n\t\t\t\t\t\t\t\t\t<div class=\"elementor-button-wrapper\">\n\t\t\t\t\t<a class=\"elementor-button elementor-button-link elementor-size-sm\" href=\"https:\/\/patagoniarte.com\/index.php\/consultar-disponibilidad\/\">\n\t\t\t\t\t\t<span class=\"elementor-button-content-wrapper\">\n\t\t\t\t\t\t\t\t\t<span class=\"elementor-button-text\">CONSULTAR DISPONIBILIDAD<\/span>\n\t\t\t\t\t<\/span>\n\t\t\t\t\t<\/a>\n\t\t\t\t<\/div>\n\t\t\t\t\t\t\t\t<\/div>\n\t\t\t\t<\/div>\n\t\t\t\t\t<\/div>\n\t\t<\/div>\n\t\t\t\t\t<\/div>\n\t\t<\/section>\n\t\t\t\t<section class=\"elementor-section elementor-top-section elementor-element elementor-element-f636ec5 elementor-section-boxed elementor-section-height-default elementor-section-height-default\" data-id=\"f636ec5\" data-element_type=\"section\" data-e-type=\"section\">\n\t\t\t\t\t\t<div class=\"elementor-container elementor-column-gap-default\">\n\t\t\t\t\t<div class=\"elementor-column elementor-col-100 elementor-top-column elementor-element elementor-element-7c53391\" data-id=\"7c53391\" data-element_type=\"column\" data-e-type=\"column\">\n\t\t\t<div class=\"elementor-widget-wrap elementor-element-populated\">\n\t\t\t\t\t\t<div class=\"elementor-element elementor-element-6b64283 elementor-widget elementor-widget-image\" data-id=\"6b64283\" data-element_type=\"widget\" data-e-type=\"widget\" data-widget_type=\"image.default\">\n\t\t\t\t<div class=\"elementor-widget-container\">\n\t\t\t\t\t\t\t\t\t\t\t\t\t\t\t<img decoding=\"async\" width=\"150\" height=\"150\" src=\"https:\/\/patagoniarte.com\/wp-content\/uploads\/2026\/01\/cardo_uno-150x150.png\" class=\"attachment-thumbnail size-thumbnail wp-image-438\" alt=\"\" srcset=\"https:\/\/patagoniarte.com\/wp-content\/uploads\/2026\/01\/cardo_uno-150x150.png 150w, https:\/\/patagoniarte.com\/wp-content\/uploads\/2026\/01\/cardo_uno-300x300.png 300w, https:\/\/patagoniarte.com\/wp-content\/uploads\/2026\/01\/elementor\/thumbs\/cardo_uno-ria88zs4fhusphgi7gea3tyfejee5kz0hoytdr36y0.png 100w, https:\/\/patagoniarte.com\/wp-content\/uploads\/2026\/01\/elementor\/thumbs\/cardo_uno-ria88zs4x1ddcopzz0qqy9hrth31ma9auesvuba2yg.png 140w, https:\/\/patagoniarte.com\/wp-content\/uploads\/2026\/01\/elementor\/thumbs\/cardo_uno-ria88zs4o9m3133938kij1q3m08pvxm5o1vum16my8.png 120w, https:\/\/patagoniarte.com\/wp-content\/uploads\/2026\/01\/elementor\/thumbs\/cardo_uno-ria88zs46q3idvtrbo81om6r72k2f8bvbc1s5gzqxs.png 80w, https:\/\/patagoniarte.com\/wp-content\/uploads\/2026\/01\/elementor\/thumbs\/cardo_uno-ria88zs3xyc82a70fw1t9ef2zlpqovoq4z4qx6waxk.png 60w, https:\/\/patagoniarte.com\/wp-content\/uploads\/2026\/01\/elementor\/thumbs\/cardo_uno-ria88zs4b3z5jon4rkb5w82lasz8aenfwiiarm1gxw.png 90w\" sizes=\"(max-width: 150px) 100vw, 150px\" \/>\t\t\t\t\t\t\t\t\t\t\t\t\t\t\t<\/div>\n\t\t\t\t<\/div>\n\t\t\t\t\t<\/div>\n\t\t<\/div>\n\t\t\t\t\t<\/div>\n\t\t<\/section>\n\t\t\t\t<section class=\"elementor-section elementor-top-section elementor-element elementor-element-dbdbd30 elementor-section-boxed elementor-section-height-default elementor-section-height-default\" data-id=\"dbdbd30\" data-element_type=\"section\" data-e-type=\"section\">\n\t\t\t\t\t\t<div class=\"elementor-container elementor-column-gap-default\">\n\t\t\t\t\t<div class=\"elementor-column elementor-col-100 elementor-top-column elementor-element elementor-element-5a28462\" data-id=\"5a28462\" data-element_type=\"column\" data-e-type=\"column\">\n\t\t\t<div class=\"elementor-widget-wrap elementor-element-populated\">\n\t\t\t\t\t\t<div class=\"elementor-element elementor-element-38a6c8f elementor-widget elementor-widget-heading\" data-id=\"38a6c8f\" data-element_type=\"widget\" data-e-type=\"widget\" data-widget_type=\"heading.default\">\n\t\t\t\t<div class=\"elementor-widget-container\">\n\t\t\t\t\t<h2 class=\"elementor-heading-title elementor-size-default\">Proyectos desarrollados<\/h2>\t\t\t\t<\/div>\n\t\t\t\t<\/div>\n\t\t\t\t\t<\/div>\n\t\t<\/div>\n\t\t\t\t\t<\/div>\n\t\t<\/section>\n\t\t\t\t<section class=\"elementor-section elementor-top-section elementor-element elementor-element-990d998 elementor-section-boxed elementor-section-height-default elementor-section-height-default\" data-id=\"990d998\" data-element_type=\"section\" data-e-type=\"section\">\n\t\t\t\t\t\t<div class=\"elementor-container elementor-column-gap-default\">\n\t\t\t\t\t<div class=\"elementor-column elementor-col-100 elementor-top-column elementor-element elementor-element-7bc9382\" data-id=\"7bc9382\" data-element_type=\"column\" data-e-type=\"column\">\n\t\t\t<div class=\"elementor-widget-wrap elementor-element-populated\">\n\t\t\t\t\t\t<div class=\"elementor-element elementor-element-9e0cd5e elementor-widget elementor-widget-spacer\" data-id=\"9e0cd5e\" data-element_type=\"widget\" data-e-type=\"widget\" data-widget_type=\"spacer.default\">\n\t\t\t\t<div class=\"elementor-widget-container\">\n\t\t\t\t\t\t\t<div class=\"elementor-spacer\">\n\t\t\t<div class=\"elementor-spacer-inner\"><\/div>\n\t\t<\/div>\n\t\t\t\t\t\t<\/div>\n\t\t\t\t<\/div>\n\t\t\t\t\t<\/div>\n\t\t<\/div>\n\t\t\t\t\t<\/div>\n\t\t<\/section>\n\t\t\t\t<section class=\"elementor-section elementor-top-section elementor-element elementor-element-1876a46 elementor-section-boxed elementor-section-height-default elementor-section-height-default\" data-id=\"1876a46\" data-element_type=\"section\" data-e-type=\"section\">\n\t\t\t\t\t\t<div class=\"elementor-container elementor-column-gap-default\">\n\t\t\t\t\t<div class=\"elementor-column elementor-col-50 elementor-top-column elementor-element elementor-element-7fae775\" data-id=\"7fae775\" data-element_type=\"column\" data-e-type=\"column\">\n\t\t\t<div class=\"elementor-widget-wrap elementor-element-populated\">\n\t\t\t\t\t\t<div class=\"elementor-element elementor-element-257aff4 elementor-widget elementor-widget-image\" data-id=\"257aff4\" data-element_type=\"widget\" data-e-type=\"widget\" data-widget_type=\"image.default\">\n\t\t\t\t<div class=\"elementor-widget-container\">\n\t\t\t\t\t\t\t\t\t\t\t\t\t\t\t\t<a href=\"https:\/\/cristinaotamendi.com\">\n\t\t\t\t\t\t\t<img decoding=\"async\" width=\"300\" height=\"206\" src=\"https:\/\/patagoniarte.com\/wp-content\/uploads\/2026\/02\/cristina-Otamendi-1-300x206.png\" class=\"attachment-medium size-medium wp-image-1430\" alt=\"\" srcset=\"https:\/\/patagoniarte.com\/wp-content\/uploads\/2026\/02\/cristina-Otamendi-1-300x206.png 300w, https:\/\/patagoniarte.com\/wp-content\/uploads\/2026\/02\/cristina-Otamendi-1-1024x704.png 1024w, https:\/\/patagoniarte.com\/wp-content\/uploads\/2026\/02\/cristina-Otamendi-1-768x528.png 768w, https:\/\/patagoniarte.com\/wp-content\/uploads\/2026\/02\/cristina-Otamendi-1-600x412.png 600w, https:\/\/patagoniarte.com\/wp-content\/uploads\/2026\/02\/cristina-Otamendi-1.png 1208w\" sizes=\"(max-width: 300px) 100vw, 300px\" \/>\t\t\t\t\t\t\t\t<\/a>\n\t\t\t\t\t\t\t\t\t\t\t\t\t\t\t<\/div>\n\t\t\t\t<\/div>\n\t\t\t\t<div class=\"elementor-element elementor-element-df3cce8 elementor-widget elementor-widget-text-editor\" data-id=\"df3cce8\" data-element_type=\"widget\" data-e-type=\"widget\" data-widget_type=\"text-editor.default\">\n\t\t\t\t<div class=\"elementor-widget-container\">\n\t\t\t\t\t\t\t\t\t<p>De la idea inicial a la arquitectura completa.<br data-start=\"520\" data-end=\"523\" \/>Identidad, estructura y desarrollo pensados como una obra coherente.<\/p>\t\t\t\t\t\t\t\t<\/div>\n\t\t\t\t<\/div>\n\t\t\t\t<div class=\"elementor-element elementor-element-be98fad elementor-align-center elementor-widget elementor-widget-button\" data-id=\"be98fad\" data-element_type=\"widget\" data-e-type=\"widget\" data-widget_type=\"button.default\">\n\t\t\t\t<div class=\"elementor-widget-container\">\n\t\t\t\t\t\t\t\t\t<div class=\"elementor-button-wrapper\">\n\t\t\t\t\t<a class=\"elementor-button elementor-button-link elementor-size-sm\" href=\"https:\/\/cristinaotamendi.com\" target=\"_blank\">\n\t\t\t\t\t\t<span class=\"elementor-button-content-wrapper\">\n\t\t\t\t\t\t\t\t\t<span class=\"elementor-button-text\">Explorar sitio<\/span>\n\t\t\t\t\t<\/span>\n\t\t\t\t\t<\/a>\n\t\t\t\t<\/div>\n\t\t\t\t\t\t\t\t<\/div>\n\t\t\t\t<\/div>\n\t\t\t\t\t<\/div>\n\t\t<\/div>\n\t\t\t\t<div class=\"elementor-column elementor-col-50 elementor-top-column elementor-element elementor-element-dec9942\" data-id=\"dec9942\" data-element_type=\"column\" data-e-type=\"column\">\n\t\t\t<div class=\"elementor-widget-wrap elementor-element-populated\">\n\t\t\t\t\t\t<div class=\"elementor-element elementor-element-00e5dfc elementor-widget elementor-widget-image\" data-id=\"00e5dfc\" data-element_type=\"widget\" data-e-type=\"widget\" data-widget_type=\"image.default\">\n\t\t\t\t<div class=\"elementor-widget-container\">\n\t\t\t\t\t\t\t\t\t\t\t\t\t\t\t\t<a href=\"https:\/\/www.lauradalton.com.ar\">\n\t\t\t\t\t\t\t<img loading=\"lazy\" decoding=\"async\" width=\"300\" height=\"155\" src=\"https:\/\/patagoniarte.com\/wp-content\/uploads\/2026\/02\/laura-dalton-300x155.png\" class=\"attachment-medium size-medium wp-image-1429\" alt=\"\" srcset=\"https:\/\/patagoniarte.com\/wp-content\/uploads\/2026\/02\/laura-dalton-300x155.png 300w, https:\/\/patagoniarte.com\/wp-content\/uploads\/2026\/02\/laura-dalton-1024x529.png 1024w, https:\/\/patagoniarte.com\/wp-content\/uploads\/2026\/02\/laura-dalton-768x397.png 768w, https:\/\/patagoniarte.com\/wp-content\/uploads\/2026\/02\/laura-dalton-1536x794.png 1536w, https:\/\/patagoniarte.com\/wp-content\/uploads\/2026\/02\/laura-dalton-600x310.png 600w, https:\/\/patagoniarte.com\/wp-content\/uploads\/2026\/02\/laura-dalton.png 1716w\" sizes=\"(max-width: 300px) 100vw, 300px\" \/>\t\t\t\t\t\t\t\t<\/a>\n\t\t\t\t\t\t\t\t\t\t\t\t\t\t\t<\/div>\n\t\t\t\t<\/div>\n\t\t\t\t<div class=\"elementor-element elementor-element-a2b2540 elementor-widget elementor-widget-text-editor\" data-id=\"a2b2540\" data-element_type=\"widget\" data-e-type=\"widget\" data-widget_type=\"text-editor.default\">\n\t\t\t\t<div class=\"elementor-widget-container\">\n\t\t\t\t\t\t\t\t\t<p>Un sitio existente que necesitaba actualizaci\u00f3n de datos y secciones.<\/p>\t\t\t\t\t\t\t\t<\/div>\n\t\t\t\t<\/div>\n\t\t\t\t<div class=\"elementor-element elementor-element-6199e2e elementor-align-center elementor-widget elementor-widget-button\" data-id=\"6199e2e\" data-element_type=\"widget\" data-e-type=\"widget\" data-widget_type=\"button.default\">\n\t\t\t\t<div class=\"elementor-widget-container\">\n\t\t\t\t\t\t\t\t\t<div class=\"elementor-button-wrapper\">\n\t\t\t\t\t<a class=\"elementor-button elementor-button-link elementor-size-sm\" href=\"https:\/\/www.lauradalton.com.ar\" target=\"_blank\">\n\t\t\t\t\t\t<span class=\"elementor-button-content-wrapper\">\n\t\t\t\t\t\t\t\t\t<span class=\"elementor-button-text\">Ver sitio<\/span>\n\t\t\t\t\t<\/span>\n\t\t\t\t\t<\/a>\n\t\t\t\t<\/div>\n\t\t\t\t\t\t\t\t<\/div>\n\t\t\t\t<\/div>\n\t\t\t\t\t<\/div>\n\t\t<\/div>\n\t\t\t\t\t<\/div>\n\t\t<\/section>\n\t\t\t\t<section class=\"elementor-section elementor-top-section elementor-element elementor-element-645b065 elementor-section-boxed elementor-section-height-default elementor-section-height-default\" data-id=\"645b065\" data-element_type=\"section\" data-e-type=\"section\">\n\t\t\t\t\t\t<div class=\"elementor-container elementor-column-gap-default\">\n\t\t\t\t\t<div class=\"elementor-column elementor-col-100 elementor-top-column elementor-element elementor-element-a2626b7\" data-id=\"a2626b7\" data-element_type=\"column\" data-e-type=\"column\">\n\t\t\t<div class=\"elementor-widget-wrap elementor-element-populated\">\n\t\t\t\t\t\t<div class=\"elementor-element elementor-element-09591f9 elementor-widget elementor-widget-spacer\" data-id=\"09591f9\" data-element_type=\"widget\" data-e-type=\"widget\" data-widget_type=\"spacer.default\">\n\t\t\t\t<div class=\"elementor-widget-container\">\n\t\t\t\t\t\t\t<div class=\"elementor-spacer\">\n\t\t\t<div class=\"elementor-spacer-inner\"><\/div>\n\t\t<\/div>\n\t\t\t\t\t\t<\/div>\n\t\t\t\t<\/div>\n\t\t\t\t\t<\/div>\n\t\t<\/div>\n\t\t\t\t\t<\/div>\n\t\t<\/section>\n\t\t\t\t<\/div>\n\t\t","protected":false},"excerpt":{"rendered":"<p>Dise\u00f1o sitios web para artistas que quieren una presencia digital con identidad, coherencia y alma.No plantillas gen\u00e9ricas: espacios pensados a medida, donde tu obra respira, se ordena y se proyecta. Trabajo desde una mirada sensible y estrat\u00e9gica: estructura clara, est\u00e9tica cuidada y autonom\u00eda para que puedas habitar tu propio sitio sin depender de nadie. Un [&hellip;]<\/p>\n","protected":false},"author":1,"featured_media":0,"parent":0,"menu_order":0,"comment_status":"closed","ping_status":"closed","template":"","meta":{"footnotes":""},"class_list":["post-873","page","type-page","status-publish","hentry"],"_links":{"self":[{"href":"https:\/\/patagoniarte.com\/index.php\/wp-json\/wp\/v2\/pages\/873","targetHints":{"allow":["GET"]}}],"collection":[{"href":"https:\/\/patagoniarte.com\/index.php\/wp-json\/wp\/v2\/pages"}],"about":[{"href":"https:\/\/patagoniarte.com\/index.php\/wp-json\/wp\/v2\/types\/page"}],"author":[{"embeddable":true,"href":"https:\/\/patagoniarte.com\/index.php\/wp-json\/wp\/v2\/users\/1"}],"replies":[{"embeddable":true,"href":"https:\/\/patagoniarte.com\/index.php\/wp-json\/wp\/v2\/comments?post=873"}],"version-history":[{"count":51,"href":"https:\/\/patagoniarte.com\/index.php\/wp-json\/wp\/v2\/pages\/873\/revisions"}],"predecessor-version":[{"id":2215,"href":"https:\/\/patagoniarte.com\/index.php\/wp-json\/wp\/v2\/pages\/873\/revisions\/2215"}],"wp:attachment":[{"href":"https:\/\/patagoniarte.com\/index.php\/wp-json\/wp\/v2\/media?parent=873"}],"curies":[{"name":"wp","href":"https:\/\/api.w.org\/{rel}","templated":true}]}}