{"id":635,"date":"2026-02-12T12:55:32","date_gmt":"2026-02-12T15:55:32","guid":{"rendered":"https:\/\/patagoniarte.com\/?page_id=635"},"modified":"2026-03-10T18:54:17","modified_gmt":"2026-03-10T21:54:17","slug":"educacion","status":"publish","type":"page","link":"https:\/\/patagoniarte.com\/index.php\/educacion\/","title":{"rendered":"EDUCACION"},"content":{"rendered":"\t\t<div data-elementor-type=\"wp-page\" data-elementor-id=\"635\" class=\"elementor elementor-635\" data-elementor-post-type=\"page\">\n\t\t\t\t\t\t<section class=\"elementor-section elementor-top-section elementor-element elementor-element-389fc07 elementor-section-boxed elementor-section-height-default elementor-section-height-default\" data-id=\"389fc07\" data-element_type=\"section\" data-e-type=\"section\">\n\t\t\t\t\t\t<div class=\"elementor-container elementor-column-gap-default\">\n\t\t\t\t\t<div class=\"elementor-column elementor-col-100 elementor-top-column elementor-element elementor-element-211846c\" data-id=\"211846c\" data-element_type=\"column\" data-e-type=\"column\">\n\t\t\t<div class=\"elementor-widget-wrap elementor-element-populated\">\n\t\t\t\t\t\t<div class=\"elementor-element elementor-element-18745df elementor-widget elementor-widget-image\" data-id=\"18745df\" data-element_type=\"widget\" data-e-type=\"widget\" data-widget_type=\"image.default\">\n\t\t\t\t<div class=\"elementor-widget-container\">\n\t\t\t\t\t\t\t\t\t\t\t\t\t\t\t<img decoding=\"async\" width=\"150\" height=\"150\" src=\"https:\/\/patagoniarte.com\/wp-content\/uploads\/2026\/01\/cardo_uno-150x150.png\" class=\"attachment-thumbnail size-thumbnail wp-image-438\" alt=\"\" srcset=\"https:\/\/patagoniarte.com\/wp-content\/uploads\/2026\/01\/cardo_uno-150x150.png 150w, https:\/\/patagoniarte.com\/wp-content\/uploads\/2026\/01\/cardo_uno-300x300.png 300w, https:\/\/patagoniarte.com\/wp-content\/uploads\/2026\/01\/elementor\/thumbs\/cardo_uno-ria88zs4fhusphgi7gea3tyfejee5kz0hoytdr36y0.png 100w, https:\/\/patagoniarte.com\/wp-content\/uploads\/2026\/01\/elementor\/thumbs\/cardo_uno-ria88zs4x1ddcopzz0qqy9hrth31ma9auesvuba2yg.png 140w, https:\/\/patagoniarte.com\/wp-content\/uploads\/2026\/01\/elementor\/thumbs\/cardo_uno-ria88zs4o9m3133938kij1q3m08pvxm5o1vum16my8.png 120w, https:\/\/patagoniarte.com\/wp-content\/uploads\/2026\/01\/elementor\/thumbs\/cardo_uno-ria88zs46q3idvtrbo81om6r72k2f8bvbc1s5gzqxs.png 80w, https:\/\/patagoniarte.com\/wp-content\/uploads\/2026\/01\/elementor\/thumbs\/cardo_uno-ria88zs3xyc82a70fw1t9ef2zlpqovoq4z4qx6waxk.png 60w, https:\/\/patagoniarte.com\/wp-content\/uploads\/2026\/01\/elementor\/thumbs\/cardo_uno-ria88zs4b3z5jon4rkb5w82lasz8aenfwiiarm1gxw.png 90w\" sizes=\"(max-width: 150px) 100vw, 150px\" \/>\t\t\t\t\t\t\t\t\t\t\t\t\t\t\t<\/div>\n\t\t\t\t<\/div>\n\t\t\t\t\t<\/div>\n\t\t<\/div>\n\t\t\t\t\t<\/div>\n\t\t<\/section>\n\t\t\t\t<section class=\"elementor-section elementor-top-section elementor-element elementor-element-db05ae7 elementor-section-boxed elementor-section-height-default elementor-section-height-default\" data-id=\"db05ae7\" data-element_type=\"section\" data-e-type=\"section\">\n\t\t\t\t\t\t<div class=\"elementor-container elementor-column-gap-default\">\n\t\t\t\t\t<div class=\"elementor-column elementor-col-100 elementor-top-column elementor-element elementor-element-a4c0ea0\" data-id=\"a4c0ea0\" data-element_type=\"column\" data-e-type=\"column\">\n\t\t\t<div class=\"elementor-widget-wrap elementor-element-populated\">\n\t\t\t\t\t\t<div class=\"elementor-element elementor-element-64031f5 elementor-widget elementor-widget-text-editor\" data-id=\"64031f5\" data-element_type=\"widget\" data-e-type=\"widget\" data-widget_type=\"text-editor.default\">\n\t\t\t\t<div class=\"elementor-widget-container\">\n\t\t\t\t\t\t\t\t\t<p>Formaciones que piensan, acompa\u00f1an y habilitan.<br \/>Desde la presencia situada hasta la exploraci\u00f3n creativa:<br \/>Asistencias, Seminarios, Mentor\u00edas y Talleres<br \/>para docentes y hacedores que quieren sentido antes que urgencia.<\/p>\t\t\t\t\t\t\t\t<\/div>\n\t\t\t\t<\/div>\n\t\t\t\t\t<\/div>\n\t\t<\/div>\n\t\t\t\t\t<\/div>\n\t\t<\/section>\n\t\t\t\t<section class=\"elementor-section elementor-top-section elementor-element elementor-element-f64d5ce elementor-section-boxed elementor-section-height-default elementor-section-height-default\" data-id=\"f64d5ce\" data-element_type=\"section\" data-e-type=\"section\">\n\t\t\t\t\t\t<div class=\"elementor-container elementor-column-gap-default\">\n\t\t\t\t\t<div class=\"elementor-column elementor-col-100 elementor-top-column elementor-element elementor-element-2accd0a\" data-id=\"2accd0a\" data-element_type=\"column\" data-e-type=\"column\">\n\t\t\t<div class=\"elementor-widget-wrap elementor-element-populated\">\n\t\t\t\t\t\t<div class=\"elementor-element elementor-element-ebde249 elementor-widget elementor-widget-heading\" data-id=\"ebde249\" data-element_type=\"widget\" data-e-type=\"widget\" data-widget_type=\"heading.default\">\n\t\t\t\t<div class=\"elementor-widget-container\">\n\t\t\t\t\t<h6 class=\"elementor-heading-title elementor-size-default\"><a href=\"https:\/\/patagoniarte.com\/index.php\/agenda-cursos-talleres\/\">\ud83d\udd39 Asistencias \u2014 clarific\u00e1 tu territorio digital.<\/a><\/h6>\t\t\t\t<\/div>\n\t\t\t\t<\/div>\n\t\t\t\t<div class=\"elementor-element elementor-element-1352894 elementor-widget elementor-widget-heading\" data-id=\"1352894\" data-element_type=\"widget\" data-e-type=\"widget\" data-widget_type=\"heading.default\">\n\t\t\t\t<div class=\"elementor-widget-container\">\n\t\t\t\t\t<h6 class=\"elementor-heading-title elementor-size-default\"><a href=\"https:\/\/patagoniarte.com\/index.php\/agenda-cursos-talleres\/\">\ud83d\udd39 Seminarios \u2014 activ\u00e1 mirada cr\u00edtica y curiosidad.<\/a><\/h6>\t\t\t\t<\/div>\n\t\t\t\t<\/div>\n\t\t\t\t<div class=\"elementor-element elementor-element-0fdcc01 elementor-widget elementor-widget-heading\" data-id=\"0fdcc01\" data-element_type=\"widget\" data-e-type=\"widget\" data-widget_type=\"heading.default\">\n\t\t\t\t<div class=\"elementor-widget-container\">\n\t\t\t\t\t<h6 class=\"elementor-heading-title elementor-size-default\"><a href=\"https:\/\/patagoniarte.com\/index.php\/agenda-cursos-talleres\/\">\ud83d\udd39 Mentor\u00edas \u2014 camin\u00e1 tus proyectos con apoyo.<\/a><\/h6>\t\t\t\t<\/div>\n\t\t\t\t<\/div>\n\t\t\t\t<div class=\"elementor-element elementor-element-bfd19d4 elementor-widget elementor-widget-heading\" data-id=\"bfd19d4\" data-element_type=\"widget\" data-e-type=\"widget\" data-widget_type=\"heading.default\">\n\t\t\t\t<div class=\"elementor-widget-container\">\n\t\t\t\t\t<h6 class=\"elementor-heading-title elementor-size-default\"><a href=\"https:\/\/patagoniarte.com\/index.php\/agenda-cursos-talleres\/\">\ud83d\udd39 Talleres \u2014 pr\u00e1cticas compartidas, manos en la obra.<\/a><\/h6>\t\t\t\t<\/div>\n\t\t\t\t<\/div>\n\t\t\t\t\t<\/div>\n\t\t<\/div>\n\t\t\t\t\t<\/div>\n\t\t<\/section>\n\t\t\t\t<\/div>\n\t\t","protected":false},"excerpt":{"rendered":"<p>Formaciones que piensan, acompa\u00f1an y habilitan.Desde la presencia situada hasta la exploraci\u00f3n creativa:Asistencias, Seminarios, Mentor\u00edas y Tallerespara docentes y hacedores que quieren sentido antes que urgencia. \ud83d\udd39 Asistencias \u2014 clarific\u00e1 tu territorio digital. \ud83d\udd39 Seminarios \u2014 activ\u00e1 mirada cr\u00edtica y curiosidad. \ud83d\udd39 Mentor\u00edas \u2014 camin\u00e1 tus proyectos con apoyo. \ud83d\udd39 Talleres \u2014 pr\u00e1cticas compartidas, manos [&hellip;]<\/p>\n","protected":false},"author":1,"featured_media":0,"parent":0,"menu_order":0,"comment_status":"closed","ping_status":"closed","template":"","meta":{"footnotes":""},"class_list":["post-635","page","type-page","status-publish","hentry"],"_links":{"self":[{"href":"https:\/\/patagoniarte.com\/index.php\/wp-json\/wp\/v2\/pages\/635","targetHints":{"allow":["GET"]}}],"collection":[{"href":"https:\/\/patagoniarte.com\/index.php\/wp-json\/wp\/v2\/pages"}],"about":[{"href":"https:\/\/patagoniarte.com\/index.php\/wp-json\/wp\/v2\/types\/page"}],"author":[{"embeddable":true,"href":"https:\/\/patagoniarte.com\/index.php\/wp-json\/wp\/v2\/users\/1"}],"replies":[{"embeddable":true,"href":"https:\/\/patagoniarte.com\/index.php\/wp-json\/wp\/v2\/comments?post=635"}],"version-history":[{"count":19,"href":"https:\/\/patagoniarte.com\/index.php\/wp-json\/wp\/v2\/pages\/635\/revisions"}],"predecessor-version":[{"id":1758,"href":"https:\/\/patagoniarte.com\/index.php\/wp-json\/wp\/v2\/pages\/635\/revisions\/1758"}],"wp:attachment":[{"href":"https:\/\/patagoniarte.com\/index.php\/wp-json\/wp\/v2\/media?parent=635"}],"curies":[{"name":"wp","href":"https:\/\/api.w.org\/{rel}","templated":true}]}}