{"id":56,"date":"2023-08-18T15:14:13","date_gmt":"2023-08-18T18:14:13","guid":{"rendered":"https:\/\/patagoniarte.com\/?page_id=56"},"modified":"2026-03-10T18:38:17","modified_gmt":"2026-03-10T21:38:17","slug":"agenda-cursos-talleres","status":"publish","type":"page","link":"https:\/\/patagoniarte.com\/index.php\/agenda-cursos-talleres\/","title":{"rendered":"ASISTENCIAS SITUADAS- SEMINARIOS- MENTOR\u00cdAS-TALLERES"},"content":{"rendered":"\t\t<div data-elementor-type=\"wp-page\" data-elementor-id=\"56\" class=\"elementor elementor-56\" data-elementor-post-type=\"page\">\n\t\t\t\t\t\t<section class=\"elementor-section elementor-top-section elementor-element elementor-element-9cf2460 elementor-section-boxed elementor-section-height-default elementor-section-height-default\" data-id=\"9cf2460\" data-element_type=\"section\" data-e-type=\"section\">\n\t\t\t\t\t\t<div class=\"elementor-container elementor-column-gap-default\">\n\t\t\t\t\t<div class=\"elementor-column elementor-col-50 elementor-top-column elementor-element elementor-element-65e4540\" data-id=\"65e4540\" data-element_type=\"column\" data-e-type=\"column\">\n\t\t\t<div class=\"elementor-widget-wrap elementor-element-populated\">\n\t\t\t\t\t\t<div class=\"elementor-element elementor-element-26fbcb9 elementor-widget elementor-widget-image\" data-id=\"26fbcb9\" data-element_type=\"widget\" data-e-type=\"widget\" data-widget_type=\"image.default\">\n\t\t\t\t<div class=\"elementor-widget-container\">\n\t\t\t\t\t\t\t\t\t\t\t\t\t\t\t<img fetchpriority=\"high\" decoding=\"async\" width=\"768\" height=\"398\" src=\"https:\/\/patagoniarte.com\/wp-content\/uploads\/2026\/02\/asistencia-situada_vincularte-768x398.png\" class=\"attachment-medium_large size-medium_large wp-image-780\" alt=\"\" srcset=\"https:\/\/patagoniarte.com\/wp-content\/uploads\/2026\/02\/asistencia-situada_vincularte-768x398.png 768w, https:\/\/patagoniarte.com\/wp-content\/uploads\/2026\/02\/asistencia-situada_vincularte-600x311.png 600w, https:\/\/patagoniarte.com\/wp-content\/uploads\/2026\/02\/asistencia-situada_vincularte-300x155.png 300w, https:\/\/patagoniarte.com\/wp-content\/uploads\/2026\/02\/asistencia-situada_vincularte-1024x531.png 1024w, https:\/\/patagoniarte.com\/wp-content\/uploads\/2026\/02\/asistencia-situada_vincularte-1536x796.png 1536w, https:\/\/patagoniarte.com\/wp-content\/uploads\/2026\/02\/asistencia-situada_vincularte-2048x1061.png 2048w\" sizes=\"(max-width: 768px) 100vw, 768px\" \/>\t\t\t\t\t\t\t\t\t\t\t\t\t\t\t<\/div>\n\t\t\t\t<\/div>\n\t\t\t\t<div class=\"elementor-element elementor-element-3ace8f5 elementor-widget elementor-widget-text-editor\" data-id=\"3ace8f5\" data-element_type=\"widget\" data-e-type=\"widget\" data-widget_type=\"text-editor.default\">\n\t\t\t\t<div class=\"elementor-widget-container\">\n\t\t\t\t\t\t\t\t\t<p>Asistencia Situada<br \/>Acompa\u00f1amiento t\u00e9cnico sobre tu entorno digital.<br \/>No es un curso. No es teor\u00eda.<\/p><p>Una hora de trabajo concreto. <br \/>Afinamos y reorganizamos tu computadora para tu uso cotidiano.<\/p><p>Te acompa\u00f1amos paso a paso en tiempo real,<br \/>para que tu entorno digital sea un espacio m\u00e1s habitable y puedas moverte con mayor autonom\u00eda.<\/p>\t\t\t\t\t\t\t\t<\/div>\n\t\t\t\t<\/div>\n\t\t\t\t<div class=\"elementor-element elementor-element-818a598 elementor-align-center elementor-widget elementor-widget-button\" data-id=\"818a598\" data-element_type=\"widget\" data-e-type=\"widget\" data-widget_type=\"button.default\">\n\t\t\t\t<div class=\"elementor-widget-container\">\n\t\t\t\t\t\t\t\t\t<div class=\"elementor-button-wrapper\">\n\t\t\t\t\t<a class=\"elementor-button elementor-button-link elementor-size-sm\" href=\"https:\/\/patagoniarte.com\/index.php\/seminarios-aprender-a-aprender-con-ia\/\">\n\t\t\t\t\t\t<span class=\"elementor-button-content-wrapper\">\n\t\t\t\t\t\t\t\t\t<span class=\"elementor-button-text\">Conoc\u00e9 el dispositivo completo<\/span>\n\t\t\t\t\t<\/span>\n\t\t\t\t\t<\/a>\n\t\t\t\t<\/div>\n\t\t\t\t\t\t\t\t<\/div>\n\t\t\t\t<\/div>\n\t\t\t\t\t<\/div>\n\t\t<\/div>\n\t\t\t\t<div class=\"elementor-column elementor-col-50 elementor-top-column elementor-element elementor-element-34f4ff2\" data-id=\"34f4ff2\" data-element_type=\"column\" data-e-type=\"column\">\n\t\t\t<div class=\"elementor-widget-wrap elementor-element-populated\">\n\t\t\t\t\t\t<div class=\"elementor-element elementor-element-b47f969 elementor-widget elementor-widget-image\" data-id=\"b47f969\" data-element_type=\"widget\" data-e-type=\"widget\" data-widget_type=\"image.default\">\n\t\t\t\t<div class=\"elementor-widget-container\">\n\t\t\t\t\t\t\t\t\t\t\t\t\t\t\t<img decoding=\"async\" width=\"800\" height=\"363\" src=\"https:\/\/patagoniarte.com\/wp-content\/uploads\/2026\/02\/seminarios-aprender-a-aprender-IA-1024x465.png\" class=\"attachment-large size-large wp-image-924\" alt=\"\" srcset=\"https:\/\/patagoniarte.com\/wp-content\/uploads\/2026\/02\/seminarios-aprender-a-aprender-IA-1024x465.png 1024w, https:\/\/patagoniarte.com\/wp-content\/uploads\/2026\/02\/seminarios-aprender-a-aprender-IA-600x273.png 600w, https:\/\/patagoniarte.com\/wp-content\/uploads\/2026\/02\/seminarios-aprender-a-aprender-IA-300x136.png 300w, https:\/\/patagoniarte.com\/wp-content\/uploads\/2026\/02\/seminarios-aprender-a-aprender-IA-768x349.png 768w, https:\/\/patagoniarte.com\/wp-content\/uploads\/2026\/02\/seminarios-aprender-a-aprender-IA-1536x698.png 1536w, https:\/\/patagoniarte.com\/wp-content\/uploads\/2026\/02\/seminarios-aprender-a-aprender-IA-2048x931.png 2048w\" sizes=\"(max-width: 800px) 100vw, 800px\" \/>\t\t\t\t\t\t\t\t\t\t\t\t\t\t\t<\/div>\n\t\t\t\t<\/div>\n\t\t\t\t<div class=\"elementor-element elementor-element-55cecc1 elementor-widget elementor-widget-text-editor\" data-id=\"55cecc1\" data-element_type=\"widget\" data-e-type=\"widget\" data-widget_type=\"text-editor.default\">\n\t\t\t\t<div class=\"elementor-widget-container\">\n\t\t\t\t\t\t\t\t\t<p data-start=\"235\" data-end=\"337\">Destinado a docentes.<\/p><p data-start=\"235\" data-end=\"337\"><strong data-start=\"235\" data-end=\"276\">No es un curso para \u201cponerse al d\u00eda\u201d.<\/strong><br data-start=\"276\" data-end=\"279\" \/>Es un espacio para habitar el tiempo que estamos viviendo.<\/p><p data-start=\"339\" data-end=\"512\">Entre el miedo y la fascinaci\u00f3n, existe el criterio.<br data-start=\"391\" data-end=\"394\" \/>Entre la herramienta y la pr\u00e1ctica, existe el docente.<br data-start=\"448\" data-end=\"451\" \/>Entre la automatizaci\u00f3n y la creatividad, existe la decisi\u00f3n.<\/p><p data-start=\"514\" data-end=\"571\">Este seminario es una invitaci\u00f3n a explorar sin perderse.<\/p>\t\t\t\t\t\t\t\t<\/div>\n\t\t\t\t<\/div>\n\t\t\t\t\t<\/div>\n\t\t<\/div>\n\t\t\t\t\t<\/div>\n\t\t<\/section>\n\t\t\t\t<section class=\"elementor-section elementor-top-section elementor-element elementor-element-5e35847 elementor-section-boxed elementor-section-height-default elementor-section-height-default\" data-id=\"5e35847\" data-element_type=\"section\" data-e-type=\"section\">\n\t\t\t\t\t\t<div class=\"elementor-container elementor-column-gap-default\">\n\t\t\t\t\t<div class=\"elementor-column elementor-col-50 elementor-top-column elementor-element elementor-element-f0973a6\" data-id=\"f0973a6\" data-element_type=\"column\" data-e-type=\"column\">\n\t\t\t<div class=\"elementor-widget-wrap\">\n\t\t\t\t\t\t\t<\/div>\n\t\t<\/div>\n\t\t\t\t<div class=\"elementor-column elementor-col-50 elementor-top-column elementor-element elementor-element-5cddb13\" data-id=\"5cddb13\" data-element_type=\"column\" data-e-type=\"column\">\n\t\t\t<div class=\"elementor-widget-wrap elementor-element-populated\">\n\t\t\t\t\t\t<div class=\"elementor-element elementor-element-f01abfd elementor-align-center elementor-widget elementor-widget-button\" data-id=\"f01abfd\" data-element_type=\"widget\" data-e-type=\"widget\" data-widget_type=\"button.default\">\n\t\t\t\t<div class=\"elementor-widget-container\">\n\t\t\t\t\t\t\t\t\t<div class=\"elementor-button-wrapper\">\n\t\t\t\t\t<a class=\"elementor-button elementor-button-link elementor-size-sm\" href=\"https:\/\/patagoniarte.com\/index.php\/dispositivo-completo\/\">\n\t\t\t\t\t\t<span class=\"elementor-button-content-wrapper\">\n\t\t\t\t\t\t\t\t\t<span class=\"elementor-button-text\">Conoc\u00e9 el dispositivo completo<\/span>\n\t\t\t\t\t<\/span>\n\t\t\t\t\t<\/a>\n\t\t\t\t<\/div>\n\t\t\t\t\t\t\t\t<\/div>\n\t\t\t\t<\/div>\n\t\t\t\t\t<\/div>\n\t\t<\/div>\n\t\t\t\t\t<\/div>\n\t\t<\/section>\n\t\t\t\t<section class=\"elementor-section elementor-top-section elementor-element elementor-element-acdfec9 elementor-section-boxed elementor-section-height-default elementor-section-height-default\" data-id=\"acdfec9\" data-element_type=\"section\" data-e-type=\"section\">\n\t\t\t\t\t\t<div class=\"elementor-container elementor-column-gap-default\">\n\t\t\t\t\t<div class=\"elementor-column elementor-col-50 elementor-top-column elementor-element elementor-element-2306547\" data-id=\"2306547\" data-element_type=\"column\" data-e-type=\"column\">\n\t\t\t<div class=\"elementor-widget-wrap elementor-element-populated\">\n\t\t\t\t\t\t<div class=\"elementor-element elementor-element-427ce09 elementor-widget elementor-widget-image\" data-id=\"427ce09\" data-element_type=\"widget\" data-e-type=\"widget\" data-widget_type=\"image.default\">\n\t\t\t\t<div class=\"elementor-widget-container\">\n\t\t\t\t\t\t\t\t\t\t\t\t\t\t\t<img decoding=\"async\" width=\"800\" height=\"328\" src=\"https:\/\/patagoniarte.com\/wp-content\/uploads\/2026\/02\/mentoriarte-1024x420.png\" class=\"attachment-large size-large wp-image-813\" alt=\"\" srcset=\"https:\/\/patagoniarte.com\/wp-content\/uploads\/2026\/02\/mentoriarte-1024x420.png 1024w, https:\/\/patagoniarte.com\/wp-content\/uploads\/2026\/02\/mentoriarte-600x246.png 600w, https:\/\/patagoniarte.com\/wp-content\/uploads\/2026\/02\/mentoriarte-300x123.png 300w, https:\/\/patagoniarte.com\/wp-content\/uploads\/2026\/02\/mentoriarte-768x315.png 768w, https:\/\/patagoniarte.com\/wp-content\/uploads\/2026\/02\/mentoriarte-1536x629.png 1536w, https:\/\/patagoniarte.com\/wp-content\/uploads\/2026\/02\/mentoriarte-2048x839.png 2048w\" sizes=\"(max-width: 800px) 100vw, 800px\" \/>\t\t\t\t\t\t\t\t\t\t\t\t\t\t\t<\/div>\n\t\t\t\t<\/div>\n\t\t\t\t<div class=\"elementor-element elementor-element-33be96b elementor-widget elementor-widget-text-editor\" data-id=\"33be96b\" data-element_type=\"widget\" data-e-type=\"widget\" data-widget_type=\"text-editor.default\">\n\t\t\t\t<div class=\"elementor-widget-container\">\n\t\t\t\t\t\t\t\t\t<p data-start=\"1092\" data-end=\"1250\">Un espacio de acompa\u00f1amiento creativo y estrat\u00e9gico para artistas, educadores y proyectos culturales que buscan ordenar, potenciar y dar forma a su propuesta.<\/p><p data-start=\"1252\" data-end=\"1359\">Mentoriarte no es asesoramiento t\u00e9cnico solamente.<br data-start=\"1302\" data-end=\"1305\" \/>Es escucha, claridad y dise\u00f1o de procesos sostenibles.<\/p><p data-start=\"1361\" data-end=\"1484\">Trabajamos sobre identidad, narrativa, estructura y decisiones concretas para que tu proyecto tenga coherencia y direcci\u00f3n<\/p>\t\t\t\t\t\t\t\t<\/div>\n\t\t\t\t<\/div>\n\t\t\t\t<div class=\"elementor-element elementor-element-06e69b2 elementor-align-center elementor-widget elementor-widget-button\" data-id=\"06e69b2\" data-element_type=\"widget\" data-e-type=\"widget\" data-widget_type=\"button.default\">\n\t\t\t\t<div class=\"elementor-widget-container\">\n\t\t\t\t\t\t\t\t\t<div class=\"elementor-button-wrapper\">\n\t\t\t\t\t<a class=\"elementor-button elementor-button-link elementor-size-sm\" href=\"https:\/\/patagoniarte.com\/index.php\/mentoriarte\/\">\n\t\t\t\t\t\t<span class=\"elementor-button-content-wrapper\">\n\t\t\t\t\t\t\t\t\t<span class=\"elementor-button-text\">Conoc\u00e9 el dispositivo completo<\/span>\n\t\t\t\t\t<\/span>\n\t\t\t\t\t<\/a>\n\t\t\t\t<\/div>\n\t\t\t\t\t\t\t\t<\/div>\n\t\t\t\t<\/div>\n\t\t\t\t\t<\/div>\n\t\t<\/div>\n\t\t\t\t<div class=\"elementor-column elementor-col-50 elementor-top-column elementor-element elementor-element-e66a5c3\" data-id=\"e66a5c3\" data-element_type=\"column\" data-e-type=\"column\">\n\t\t\t<div class=\"elementor-widget-wrap elementor-element-populated\">\n\t\t\t\t\t\t<div class=\"elementor-element elementor-element-4e8d828 elementor-widget elementor-widget-image\" data-id=\"4e8d828\" data-element_type=\"widget\" data-e-type=\"widget\" data-widget_type=\"image.default\">\n\t\t\t\t<div class=\"elementor-widget-container\">\n\t\t\t\t\t\t\t\t\t\t\t\t\t\t\t<img loading=\"lazy\" decoding=\"async\" width=\"800\" height=\"359\" src=\"https:\/\/patagoniarte.com\/wp-content\/uploads\/2026\/02\/talleranfibio-1-1024x459.png\" class=\"attachment-large size-large wp-image-1029\" alt=\"\" srcset=\"https:\/\/patagoniarte.com\/wp-content\/uploads\/2026\/02\/talleranfibio-1-1024x459.png 1024w, https:\/\/patagoniarte.com\/wp-content\/uploads\/2026\/02\/talleranfibio-1-scaled-600x269.png 600w, https:\/\/patagoniarte.com\/wp-content\/uploads\/2026\/02\/talleranfibio-1-300x134.png 300w, https:\/\/patagoniarte.com\/wp-content\/uploads\/2026\/02\/talleranfibio-1-768x344.png 768w, https:\/\/patagoniarte.com\/wp-content\/uploads\/2026\/02\/talleranfibio-1-1536x688.png 1536w, https:\/\/patagoniarte.com\/wp-content\/uploads\/2026\/02\/talleranfibio-1-2048x918.png 2048w\" sizes=\"(max-width: 800px) 100vw, 800px\" \/>\t\t\t\t\t\t\t\t\t\t\t\t\t\t\t<\/div>\n\t\t\t\t<\/div>\n\t\t\t\t<div class=\"elementor-element elementor-element-7362850 elementor-widget elementor-widget-text-editor\" data-id=\"7362850\" data-element_type=\"widget\" data-e-type=\"widget\" data-widget_type=\"text-editor.default\">\n\t\t\t\t<div class=\"elementor-widget-container\">\n\t\t\t\t\t\t\t\t\t<p>Un laboratorio l\u00fadico y reflexivo para habitar los nuevos territorios digitales sin perder ra\u00edz.<\/p><p>Trabajamos entre lo anal\u00f3gico y lo virtual, entre cuerpo y tecnolog\u00eda, entre juego y pensamiento.<\/p><p>Un laboratorio presencial donde imagen, objeto y escena dialogan en formato cajita lambe lambe. Desde una metodolog\u00eda l\u00fadica y colaborativa, trabajamos la construcci\u00f3n de universos \u00edntimos, dramaturgias breves y dispositivos visuales. El proceso se acompa\u00f1a con herramientas conceptuales y t\u00e9cnicas, m\u00e1s un entorno virtual en Moodle para sistematizar, reflexionar y compartir materiales.<\/p>\t\t\t\t\t\t\t\t<\/div>\n\t\t\t\t<\/div>\n\t\t\t\t<div class=\"elementor-element elementor-element-b14d17d elementor-align-center elementor-widget elementor-widget-button\" data-id=\"b14d17d\" data-element_type=\"widget\" data-e-type=\"widget\" data-widget_type=\"button.default\">\n\t\t\t\t<div class=\"elementor-widget-container\">\n\t\t\t\t\t\t\t\t\t<div class=\"elementor-button-wrapper\">\n\t\t\t\t\t<a class=\"elementor-button elementor-button-link elementor-size-sm\" href=\"https:\/\/patagoniarte.com\/index.php\/talleranfibio\/\">\n\t\t\t\t\t\t<span class=\"elementor-button-content-wrapper\">\n\t\t\t\t\t\t\t\t\t<span class=\"elementor-button-text\">Conoc\u00e9 el dispositivo completo<\/span>\n\t\t\t\t\t<\/span>\n\t\t\t\t\t<\/a>\n\t\t\t\t<\/div>\n\t\t\t\t\t\t\t\t<\/div>\n\t\t\t\t<\/div>\n\t\t\t\t\t<\/div>\n\t\t<\/div>\n\t\t\t\t\t<\/div>\n\t\t<\/section>\n\t\t\t\t<section class=\"elementor-section elementor-top-section elementor-element elementor-element-6b55a93 elementor-section-boxed elementor-section-height-default elementor-section-height-default\" data-id=\"6b55a93\" data-element_type=\"section\" data-e-type=\"section\">\n\t\t\t\t\t\t<div class=\"elementor-container elementor-column-gap-default\">\n\t\t\t\t\t<div class=\"elementor-column elementor-col-100 elementor-top-column elementor-element elementor-element-273e4cc\" data-id=\"273e4cc\" data-element_type=\"column\" data-e-type=\"column\">\n\t\t\t<div class=\"elementor-widget-wrap elementor-element-populated\">\n\t\t\t\t\t\t<div class=\"elementor-element elementor-element-efce3fa elementor-widget elementor-widget-image\" data-id=\"efce3fa\" data-element_type=\"widget\" data-e-type=\"widget\" data-widget_type=\"image.default\">\n\t\t\t\t<div class=\"elementor-widget-container\">\n\t\t\t\t\t\t\t\t\t\t\t\t\t\t\t<img loading=\"lazy\" decoding=\"async\" width=\"150\" height=\"150\" src=\"https:\/\/patagoniarte.com\/wp-content\/uploads\/2026\/01\/cardo_uno-150x150.png\" class=\"attachment-thumbnail size-thumbnail wp-image-438\" alt=\"\" srcset=\"https:\/\/patagoniarte.com\/wp-content\/uploads\/2026\/01\/cardo_uno-150x150.png 150w, https:\/\/patagoniarte.com\/wp-content\/uploads\/2026\/01\/cardo_uno-300x300.png 300w, https:\/\/patagoniarte.com\/wp-content\/uploads\/2026\/01\/elementor\/thumbs\/cardo_uno-ria88zs4fhusphgi7gea3tyfejee5kz0hoytdr36y0.png 100w, https:\/\/patagoniarte.com\/wp-content\/uploads\/2026\/01\/elementor\/thumbs\/cardo_uno-ria88zs4x1ddcopzz0qqy9hrth31ma9auesvuba2yg.png 140w, https:\/\/patagoniarte.com\/wp-content\/uploads\/2026\/01\/elementor\/thumbs\/cardo_uno-ria88zs4o9m3133938kij1q3m08pvxm5o1vum16my8.png 120w, https:\/\/patagoniarte.com\/wp-content\/uploads\/2026\/01\/elementor\/thumbs\/cardo_uno-ria88zs46q3idvtrbo81om6r72k2f8bvbc1s5gzqxs.png 80w, https:\/\/patagoniarte.com\/wp-content\/uploads\/2026\/01\/elementor\/thumbs\/cardo_uno-ria88zs3xyc82a70fw1t9ef2zlpqovoq4z4qx6waxk.png 60w, https:\/\/patagoniarte.com\/wp-content\/uploads\/2026\/01\/elementor\/thumbs\/cardo_uno-ria88zs4b3z5jon4rkb5w82lasz8aenfwiiarm1gxw.png 90w\" sizes=\"(max-width: 150px) 100vw, 150px\" \/>\t\t\t\t\t\t\t\t\t\t\t\t\t\t\t<\/div>\n\t\t\t\t<\/div>\n\t\t\t\t\t<\/div>\n\t\t<\/div>\n\t\t\t\t\t<\/div>\n\t\t<\/section>\n\t\t\t\t<\/div>\n\t\t","protected":false},"excerpt":{"rendered":"<p>Asistencia SituadaAcompa\u00f1amiento t\u00e9cnico sobre tu entorno digital.No es un curso. No es teor\u00eda. Una hora de trabajo concreto. Afinamos y reorganizamos tu computadora para tu uso cotidiano. Te acompa\u00f1amos paso a paso en tiempo real,para que tu entorno digital sea un espacio m\u00e1s habitable y puedas moverte con mayor autonom\u00eda. Conoc\u00e9 el dispositivo completo Destinado [&hellip;]<\/p>\n","protected":false},"author":1,"featured_media":0,"parent":0,"menu_order":0,"comment_status":"closed","ping_status":"closed","template":"","meta":{"footnotes":""},"class_list":["post-56","page","type-page","status-publish","hentry"],"_links":{"self":[{"href":"https:\/\/patagoniarte.com\/index.php\/wp-json\/wp\/v2\/pages\/56","targetHints":{"allow":["GET"]}}],"collection":[{"href":"https:\/\/patagoniarte.com\/index.php\/wp-json\/wp\/v2\/pages"}],"about":[{"href":"https:\/\/patagoniarte.com\/index.php\/wp-json\/wp\/v2\/types\/page"}],"author":[{"embeddable":true,"href":"https:\/\/patagoniarte.com\/index.php\/wp-json\/wp\/v2\/users\/1"}],"replies":[{"embeddable":true,"href":"https:\/\/patagoniarte.com\/index.php\/wp-json\/wp\/v2\/comments?post=56"}],"version-history":[{"count":126,"href":"https:\/\/patagoniarte.com\/index.php\/wp-json\/wp\/v2\/pages\/56\/revisions"}],"predecessor-version":[{"id":1739,"href":"https:\/\/patagoniarte.com\/index.php\/wp-json\/wp\/v2\/pages\/56\/revisions\/1739"}],"wp:attachment":[{"href":"https:\/\/patagoniarte.com\/index.php\/wp-json\/wp\/v2\/media?parent=56"}],"curies":[{"name":"wp","href":"https:\/\/api.w.org\/{rel}","templated":true}]}}