{"id":469,"date":"2026-01-29T02:20:51","date_gmt":"2026-01-29T05:20:51","guid":{"rendered":"https:\/\/patagoniarte.com\/?page_id=469"},"modified":"2026-03-10T19:05:23","modified_gmt":"2026-03-10T22:05:23","slug":"formacion-academica-recorrido-profesional","status":"publish","type":"page","link":"https:\/\/patagoniarte.com\/index.php\/formacion-academica-recorrido-profesional\/","title":{"rendered":"FORMACI\u00d3N ACAD\u00c9MICA &#8211; RECORRIDO PROFESIONAL"},"content":{"rendered":"\t\t<div data-elementor-type=\"wp-page\" data-elementor-id=\"469\" class=\"elementor elementor-469\" data-elementor-post-type=\"page\">\n\t\t\t\t\t\t<section class=\"elementor-section elementor-top-section elementor-element elementor-element-7334edf elementor-section-boxed elementor-section-height-default elementor-section-height-default\" data-id=\"7334edf\" data-element_type=\"section\" data-e-type=\"section\">\n\t\t\t\t\t\t<div class=\"elementor-container elementor-column-gap-default\">\n\t\t\t\t\t<div class=\"elementor-column elementor-col-100 elementor-top-column elementor-element elementor-element-7df76f0\" data-id=\"7df76f0\" data-element_type=\"column\" data-e-type=\"column\">\n\t\t\t<div class=\"elementor-widget-wrap\">\n\t\t\t\t\t\t\t<\/div>\n\t\t<\/div>\n\t\t\t\t\t<\/div>\n\t\t<\/section>\n\t\t\t\t<section class=\"elementor-section elementor-top-section elementor-element elementor-element-3a5ef9c elementor-section-boxed elementor-section-height-default elementor-section-height-default\" data-id=\"3a5ef9c\" data-element_type=\"section\" data-e-type=\"section\">\n\t\t\t\t\t\t<div class=\"elementor-container elementor-column-gap-default\">\n\t\t\t\t\t<div class=\"elementor-column elementor-col-100 elementor-top-column elementor-element elementor-element-1846441\" data-id=\"1846441\" data-element_type=\"column\" data-e-type=\"column\">\n\t\t\t<div class=\"elementor-widget-wrap elementor-element-populated\">\n\t\t\t\t\t\t<div class=\"elementor-element elementor-element-f27b567 elementor-widget elementor-widget-text-editor\" data-id=\"f27b567\" data-element_type=\"widget\" data-e-type=\"widget\" data-widget_type=\"text-editor.default\">\n\t\t\t\t<div class=\"elementor-widget-container\">\n\t\t\t\t\t\t\t\t\t<p class=\"first-paragraph\"><span style=\"font-family: Arial, sans-serif;\">Mi trabajo se desarrolla en la intersecci\u00f3n entre <\/span><span style=\"font-family: Arial, sans-serif;\"><b>arte, educaci\u00f3n, tecnolog\u00eda y territorio<\/b><\/span><span style=\"font-family: Arial, sans-serif;\">. <\/span><\/p><p class=\"first-paragraph\">Con el paso del tiempo he ido construyendo un recorrido que articula docencia, gesti\u00f3n educativa, producci\u00f3n art\u00edstica e investigaci\u00f3n, con un fuerte anclaje en lo p\u00fablico y en los procesos colectivos.<\/p><p class=\"western\"><span style=\"font-family: Arial, sans-serif;\">\u00a0<\/span><span style=\"font-size: 1rem;\">Esta p\u00e1gina re\u00fane, de forma curada, los principales hitos de mi formaci\u00f3n y experiencia profesional.<\/span><\/p>\t\t\t\t\t\t\t\t<\/div>\n\t\t\t\t<\/div>\n\t\t\t\t\t<\/div>\n\t\t<\/div>\n\t\t\t\t\t<\/div>\n\t\t<\/section>\n\t\t\t\t<section class=\"elementor-section elementor-top-section elementor-element elementor-element-9ef1faf elementor-section-boxed elementor-section-height-default elementor-section-height-default\" data-id=\"9ef1faf\" data-element_type=\"section\" data-e-type=\"section\">\n\t\t\t\t\t\t<div class=\"elementor-container elementor-column-gap-default\">\n\t\t\t\t\t<div class=\"elementor-column elementor-col-50 elementor-top-column elementor-element elementor-element-a1cd7d1\" data-id=\"a1cd7d1\" data-element_type=\"column\" data-e-type=\"column\">\n\t\t\t<div class=\"elementor-widget-wrap elementor-element-populated\">\n\t\t\t\t\t\t<div class=\"elementor-element elementor-element-0075cb1 elementor-widget elementor-widget-heading\" data-id=\"0075cb1\" data-element_type=\"widget\" data-e-type=\"widget\" data-widget_type=\"heading.default\">\n\t\t\t\t<div class=\"elementor-widget-container\">\n\t\t\t\t\t<h5 class=\"elementor-heading-title elementor-size-default\">Formaci\u00f3n acad\u00e9mica<\/h5>\t\t\t\t<\/div>\n\t\t\t\t<\/div>\n\t\t\t\t<div class=\"elementor-element elementor-element-c41f35b elementor-widget elementor-widget-heading\" data-id=\"c41f35b\" data-element_type=\"widget\" data-e-type=\"widget\" data-widget_type=\"heading.default\">\n\t\t\t\t<div class=\"elementor-widget-container\">\n\t\t\t\t\t<h5 class=\"elementor-heading-title elementor-size-default\">Artes visuales<\/h5>\t\t\t\t<\/div>\n\t\t\t\t<\/div>\n\t\t\t\t<div class=\"elementor-element elementor-element-522d8ed elementor-widget elementor-widget-text-editor\" data-id=\"522d8ed\" data-element_type=\"widget\" data-e-type=\"widget\" data-widget_type=\"text-editor.default\">\n\t\t\t\t<div class=\"elementor-widget-container\">\n\t\t\t\t\t\t\t\t\t<ul><li><p class=\"compact\"><span style=\"font-family: Arial, sans-serif;\"><b>Profesora de Dibujo y Pintura para Nivel Medio y Superior<\/b><\/span><span style=\"font-family: Arial, sans-serif;\"> \u2013 Escuela Superior de Bellas Artes (2003)<\/span><\/p><\/li><li><p class=\"compact\"><span style=\"font-family: Arial, sans-serif;\"><b>Profesora de Artes Visuales para Nivel Primario<\/b><\/span><span style=\"font-family: Arial, sans-serif;\"> \u2013 Escuela Superior de Bellas Artes (1996)<\/span><\/p><\/li><li><p class=\"compact\"><span style=\"font-family: Arial, sans-serif;\"><b>T\u00e9cnico en Artes Visuales<\/b><\/span><span style=\"font-family: Arial, sans-serif;\"> \u2013 Escuela Superior de Bellas Artes (1993)<\/span><\/p><\/li><\/ul>\t\t\t\t\t\t\t\t<\/div>\n\t\t\t\t<\/div>\n\t\t\t\t\t<\/div>\n\t\t<\/div>\n\t\t\t\t<div class=\"elementor-column elementor-col-50 elementor-top-column elementor-element elementor-element-e07851d\" data-id=\"e07851d\" data-element_type=\"column\" data-e-type=\"column\">\n\t\t\t<div class=\"elementor-widget-wrap elementor-element-populated\">\n\t\t\t\t\t\t<div class=\"elementor-element elementor-element-5b3b635 elementor-hidden-mobile elementor-widget elementor-widget-heading\" data-id=\"5b3b635\" data-element_type=\"widget\" data-e-type=\"widget\" data-widget_type=\"heading.default\">\n\t\t\t\t<div class=\"elementor-widget-container\">\n\t\t\t\t\t<h5 class=\"elementor-heading-title elementor-size-default\">Recorrido profesional<\/h5>\t\t\t\t<\/div>\n\t\t\t\t<\/div>\n\t\t\t\t<div class=\"elementor-element elementor-element-026dcee elementor-widget elementor-widget-heading\" data-id=\"026dcee\" data-element_type=\"widget\" data-e-type=\"widget\" data-widget_type=\"heading.default\">\n\t\t\t\t<div class=\"elementor-widget-container\">\n\t\t\t\t\t<h5 class=\"elementor-heading-title elementor-size-default\">Docencia y gesti\u00f3n educativa<\/h5>\t\t\t\t<\/div>\n\t\t\t\t<\/div>\n\t\t\t\t<div class=\"elementor-element elementor-element-0bba43d elementor-widget elementor-widget-text-editor\" data-id=\"0bba43d\" data-element_type=\"widget\" data-e-type=\"widget\" data-widget_type=\"text-editor.default\">\n\t\t\t\t<div class=\"elementor-widget-container\">\n\t\t\t\t\t\t\t\t\t<p class=\"first-paragraph\"><span style=\"font-family: Arial, sans-serif;\">He desarrollado mi pr\u00e1ctica docente en <\/span><span style=\"font-family: Arial, sans-serif;\"><b>nivel primario, medio y superior<\/b><\/span><span style=\"font-family: Arial, sans-serif;\">, tanto en el aula como en espacios de formaci\u00f3n docente y gesti\u00f3n institucional.<\/span><\/p><ul><li><p class=\"compact\"><span style=\"font-family: Arial, sans-serif;\">Profesora de Artes Visuales en nivel primario y secundario (Neuqu\u00e9n y R\u00edo Negro)<\/span><\/p><\/li><\/ul><ul><li><p class=\"compact\"><span style=\"font-family: Arial, sans-serif;\">Profesora en el Profesorado de Artes Visuales \u2013 Pr\u00e1ctica I, Pr\u00e1ctica IV y Residencia<\/span><\/p><\/li><\/ul><ul><li><p class=\"compact\"><span style=\"font-family: Arial, sans-serif;\"><b>Vicerectora<\/b><\/span><span style=\"font-family: Arial, sans-serif;\"> \u2013 Escuela Superior de Bellas Artes (2013)<\/span><\/p><\/li><\/ul><ul><li><p class=\"compact\"><span style=\"font-family: Arial, sans-serif;\"><b>Coordinadora del \u00c1rea de Comunicaci\u00f3n y Vinculaci\u00f3n Externa<\/b><\/span><span style=\"font-family: Arial, sans-serif;\"> \u2013 Departamento de Extensi\u00f3n Escuela Superior de Bellas Artes (2013\u20132015)<\/span><\/p><\/li><\/ul><ul><li><p class=\"compact\"><span style=\"font-family: Arial, sans-serif;\">Integrante de equipos t\u00e9cnicos y territoriales de educaci\u00f3n digital (PROMEDU \/ CPE Neuqu\u00e9n)<\/span><\/p><\/li><\/ul><ul><li><p class=\"compact\"><a name=\"docencia-y-gesti\u00f3n-educativa\"><\/a><span style=\"font-family: Arial, sans-serif;\">Integrante del Equipo Federal de Formadores Disciplinares \u2013 \u00c1rea Art\u00edstica (Plan Conectar Igualdad).<\/span><\/p><\/li><\/ul>\t\t\t\t\t\t\t\t<\/div>\n\t\t\t\t<\/div>\n\t\t\t\t\t<\/div>\n\t\t<\/div>\n\t\t\t\t\t<\/div>\n\t\t<\/section>\n\t\t\t\t<section class=\"elementor-section elementor-top-section elementor-element elementor-element-7ebd6fb elementor-section-boxed elementor-section-height-default elementor-section-height-default\" data-id=\"7ebd6fb\" data-element_type=\"section\" data-e-type=\"section\">\n\t\t\t\t\t\t<div class=\"elementor-container elementor-column-gap-default\">\n\t\t\t\t\t<div class=\"elementor-column elementor-col-50 elementor-top-column elementor-element elementor-element-5f81873\" data-id=\"5f81873\" data-element_type=\"column\" data-e-type=\"column\">\n\t\t\t<div class=\"elementor-widget-wrap elementor-element-populated\">\n\t\t\t\t\t\t<div class=\"elementor-element elementor-element-6eb6540 elementor-widget elementor-widget-heading\" data-id=\"6eb6540\" data-element_type=\"widget\" data-e-type=\"widget\" data-widget_type=\"heading.default\">\n\t\t\t\t<div class=\"elementor-widget-container\">\n\t\t\t\t\t<h5 class=\"elementor-heading-title elementor-size-default\">Posgrado y Especializaciones<\/h5>\t\t\t\t<\/div>\n\t\t\t\t<\/div>\n\t\t\t\t<div class=\"elementor-element elementor-element-de8ac43 elementor-widget elementor-widget-text-editor\" data-id=\"de8ac43\" data-element_type=\"widget\" data-e-type=\"widget\" data-widget_type=\"text-editor.default\">\n\t\t\t\t<div class=\"elementor-widget-container\">\n\t\t\t\t\t\t\t\t\t<ul><li><p class=\"compact\"><span style=\"font-family: Arial, sans-serif;\"><b>Post\u00edtulo de Especializaci\u00f3n en Educaci\u00f3n Superior y TIC<\/b><\/span><span style=\"font-family: Arial, sans-serif;\"> \u2013 Ministerio de Educaci\u00f3n de la Naci\u00f3n (2015)<\/span><\/p><\/li><\/ul><ul><li><p class=\"compact\"><span style=\"font-family: Arial, sans-serif;\"><b>Diplomatura en Ni\u00f1ez y Adolescencia en la Cultura Digital<\/b><\/span><span style=\"font-family: Arial, sans-serif;\"> \u2013 Universidad Nacional de Villa Mar\u00eda (2019)<\/span><\/p><\/li><\/ul>\t\t\t\t\t\t\t\t<\/div>\n\t\t\t\t<\/div>\n\t\t\t\t\t<\/div>\n\t\t<\/div>\n\t\t\t\t<div class=\"elementor-column elementor-col-50 elementor-top-column elementor-element elementor-element-80a36a6\" data-id=\"80a36a6\" data-element_type=\"column\" data-e-type=\"column\">\n\t\t\t<div class=\"elementor-widget-wrap elementor-element-populated\">\n\t\t\t\t\t\t<div class=\"elementor-element elementor-element-d79d892 elementor-widget elementor-widget-heading\" data-id=\"d79d892\" data-element_type=\"widget\" data-e-type=\"widget\" data-widget_type=\"heading.default\">\n\t\t\t\t<div class=\"elementor-widget-container\">\n\t\t\t\t\t<h5 class=\"elementor-heading-title elementor-size-default\">Formaci\u00f3n docente y trabajo territorial<\/h5>\t\t\t\t<\/div>\n\t\t\t\t<\/div>\n\t\t\t\t<div class=\"elementor-element elementor-element-bd761fc elementor-widget elementor-widget-text-editor\" data-id=\"bd761fc\" data-element_type=\"widget\" data-e-type=\"widget\" data-widget_type=\"text-editor.default\">\n\t\t\t\t<div class=\"elementor-widget-container\">\n\t\t\t\t\t\t\t\t\t<p class=\"first-paragraph\"><span style=\"font-family: Arial, sans-serif;\">He dise\u00f1ado y dictado capacitaciones orientadas a docentes, con foco en el cruce entre lenguajes art\u00edsticos, tecnolog\u00edas digitales y pr\u00e1cticas pedag\u00f3gicas situadas.<\/span><\/p><ul><li><p class=\"compact\"><span style=\"font-family: Arial, sans-serif;\">Capacitadora Plan Jurisdiccional CPE \u2013 <\/span><span style=\"font-family: Arial, sans-serif;\"><i>Alquimi@ de Lengu@jes<\/i><\/span><\/p><\/li><\/ul><ul><li><p class=\"compact\"><span style=\"font-family: Arial, sans-serif;\">Seminarios y talleres sobre alfabetizaci\u00f3n digital, TIC con fines did\u00e1cticos y producci\u00f3n audiovisual.<\/span><\/p><\/li><li><p class=\"compact\"><span style=\"font-family: Arial, sans-serif;\">Seminarios <i>\u201cde c\u00f3mo crear en tiempos de crisis\u201d <\/i>auspiciados por Depto Extension UNCo, Neuqu\u00e9n<\/span><\/p><\/li><\/ul><ul><li><p class=\"compact\"><a name=\"formaci\u00f3n-docente-y-trabajo-territorial\"><\/a> <span style=\"font-family: Arial, sans-serif;\">Talleres y capacitaciones en universidades, municipios e instituciones culturales.<\/span><\/p><\/li><\/ul>\t\t\t\t\t\t\t\t<\/div>\n\t\t\t\t<\/div>\n\t\t\t\t\t<\/div>\n\t\t<\/div>\n\t\t\t\t\t<\/div>\n\t\t<\/section>\n\t\t\t\t<section class=\"elementor-section elementor-top-section elementor-element elementor-element-589c8b1 elementor-section-boxed elementor-section-height-default elementor-section-height-default\" data-id=\"589c8b1\" data-element_type=\"section\" data-e-type=\"section\">\n\t\t\t\t\t\t<div class=\"elementor-container elementor-column-gap-default\">\n\t\t\t\t\t<div class=\"elementor-column elementor-col-50 elementor-top-column elementor-element elementor-element-632b9ec\" data-id=\"632b9ec\" data-element_type=\"column\" data-e-type=\"column\">\n\t\t\t<div class=\"elementor-widget-wrap elementor-element-populated\">\n\t\t\t\t\t\t<div class=\"elementor-element elementor-element-55b913d elementor-widget elementor-widget-heading\" data-id=\"55b913d\" data-element_type=\"widget\" data-e-type=\"widget\" data-widget_type=\"heading.default\">\n\t\t\t\t<div class=\"elementor-widget-container\">\n\t\t\t\t\t<h5 class=\"elementor-heading-title elementor-size-default\">Formaci\u00f3n complementaria relevante<\/h5>\t\t\t\t<\/div>\n\t\t\t\t<\/div>\n\t\t\t\t<div class=\"elementor-element elementor-element-bfef8ed elementor-widget elementor-widget-text-editor\" data-id=\"bfef8ed\" data-element_type=\"widget\" data-e-type=\"widget\" data-widget_type=\"text-editor.default\">\n\t\t\t\t<div class=\"elementor-widget-container\">\n\t\t\t\t\t\t\t\t\t<ul><li><p class=\"compact\"><span style=\"font-family: Arial, sans-serif;\">Creatividad: teor\u00edas y t\u00e9cnicas para estimularla \u2013 UNCo (2012)<\/span><\/p><\/li><\/ul><ul><li><p class=\"compact\"><span style=\"font-family: Arial, sans-serif;\">Historia del Arte \u2013 UNCo \/ CPE (1998)<\/span><\/p><\/li><\/ul><ul><li><p class=\"compact\"><span style=\"font-family: Arial, sans-serif;\">Educaci\u00f3n, tecnolog\u00edas digitales y aulas virtuales \u2013 Programa Conectar Igualdad \/ Educ.ar<\/span><\/p><\/li><\/ul><ul><li><p class=\"compact\"><span style=\"font-family: Arial, sans-serif;\">Formaci\u00f3n en t\u00e9cnicas art\u00edsticas: cer\u00e1mica, dibujo, grabado, papel artesanal<\/span><\/p><\/li><\/ul><ul><li><p class=\"compact\"><span style=\"font-family: Arial, sans-serif;\">Formaci\u00f3n interdisciplinaria: trabajo corporal, musical, ayurveda, gastronom\u00eda.<\/span><\/p><\/li><\/ul>\t\t\t\t\t\t\t\t<\/div>\n\t\t\t\t<\/div>\n\t\t\t\t\t<\/div>\n\t\t<\/div>\n\t\t\t\t<div class=\"elementor-column elementor-col-50 elementor-top-column elementor-element elementor-element-bc91a77\" data-id=\"bc91a77\" data-element_type=\"column\" data-e-type=\"column\">\n\t\t\t<div class=\"elementor-widget-wrap elementor-element-populated\">\n\t\t\t\t\t\t<div class=\"elementor-element elementor-element-f87c434 elementor-widget elementor-widget-heading\" data-id=\"f87c434\" data-element_type=\"widget\" data-e-type=\"widget\" data-widget_type=\"heading.default\">\n\t\t\t\t<div class=\"elementor-widget-container\">\n\t\t\t\t\t<h5 class=\"elementor-heading-title elementor-size-default\">Producci\u00f3n art\u00edstica y exposiciones<\/h5>\t\t\t\t<\/div>\n\t\t\t\t<\/div>\n\t\t\t\t<div class=\"elementor-element elementor-element-5813602 elementor-widget elementor-widget-text-editor\" data-id=\"5813602\" data-element_type=\"widget\" data-e-type=\"widget\" data-widget_type=\"text-editor.default\">\n\t\t\t\t<div class=\"elementor-widget-container\">\n\t\t\t\t\t\t\t\t\t<p class=\"first-paragraph\"><span style=\"font-family: Arial, sans-serif;\">Mi producci\u00f3n art\u00edstica se ha desarrollado de manera sostenida, con participaci\u00f3n en exposiciones individuales y colectivas, salones, premios y proyectos curatoriales.<\/span><\/p><ul><li><p class=\"compact\"><span style=\"font-family: Arial, sans-serif;\">Exposiciones en \u00e1mbitos provinciales, nacionales e internacionales<\/span><\/p><\/li><\/ul><ul><li><p class=\"compact\"><span style=\"font-family: Arial, sans-serif;\">Participaci\u00f3n en salones de artes visuales, muestras institucionales <\/span><span style=\"font-family: Arial, sans-serif;\">y espacios no formales.<\/span><\/p><\/li><\/ul><ul><li><p class=\"compact\"><span style=\"font-family: Arial, sans-serif;\">Obras seleccionadas y premiadas en concursos provinciales y regionales<\/span><\/p><\/li><\/ul><ul><li><p class=\"compact\"><a name=\"producci\u00f3n-art\u00edstica-y-exposiciones\"><\/a> <span style=\"font-family: Arial, sans-serif;\">Inclusi\u00f3n en publicaciones sobre artistas visuales de Neuqu\u00e9n<\/span><\/p><\/li><\/ul>\t\t\t\t\t\t\t\t<\/div>\n\t\t\t\t<\/div>\n\t\t\t\t\t<\/div>\n\t\t<\/div>\n\t\t\t\t\t<\/div>\n\t\t<\/section>\n\t\t\t\t<section class=\"elementor-section elementor-top-section elementor-element elementor-element-512a9e9 elementor-section-boxed elementor-section-height-default elementor-section-height-default\" data-id=\"512a9e9\" data-element_type=\"section\" data-e-type=\"section\">\n\t\t\t\t\t\t<div class=\"elementor-container elementor-column-gap-default\">\n\t\t\t\t\t<div class=\"elementor-column elementor-col-100 elementor-top-column elementor-element elementor-element-00ecbe4\" data-id=\"00ecbe4\" data-element_type=\"column\" data-e-type=\"column\">\n\t\t\t<div class=\"elementor-widget-wrap elementor-element-populated\">\n\t\t\t\t\t\t<div class=\"elementor-element elementor-element-8b5126d elementor-widget elementor-widget-heading\" data-id=\"8b5126d\" data-element_type=\"widget\" data-e-type=\"widget\" data-widget_type=\"heading.default\">\n\t\t\t\t<div class=\"elementor-widget-container\">\n\t\t\t\t\t<h5 class=\"elementor-heading-title elementor-size-default\">Investigaci\u00f3n, ponencias y publicaciones<\/h5>\t\t\t\t<\/div>\n\t\t\t\t<\/div>\n\t\t\t\t<div class=\"elementor-element elementor-element-9292ac2 elementor-widget elementor-widget-text-editor\" data-id=\"9292ac2\" data-element_type=\"widget\" data-e-type=\"widget\" data-widget_type=\"text-editor.default\">\n\t\t\t\t<div class=\"elementor-widget-container\">\n\t\t\t\t\t\t\t\t\t<ul><li><p class=\"compact\"><span style=\"font-family: Arial, sans-serif;\"><b>Autora del libro<\/b><\/span> <span style=\"font-family: Arial, sans-serif;\"><i>Bit\u00e1cora de una experiencia anfibia para la educaci\u00f3n primaria. El uso pragm\u00e1tico de las TIC<\/i><\/span><span style=\"font-family: Arial, sans-serif;\"> \u2013 Editorial Acad\u00e9mica Espa\u00f1ola (2019) Disponible en Amazon y Mercado Libre (UY).<\/span><\/p><\/li><li><p class=\"compact\"><span style=\"font-family: Arial, sans-serif;\">Ponencias en congresos universitarios internacionales<\/span><\/p><p class=\"compact\"><span style=\"font-family: Arial, sans-serif;\"><strong>Espa\u00f1a.<\/strong> Comisaria invitada Exposiciones EnREDadas, Expohuellas Digitales Neuqu\u00e9n. Auspiciado por la UAM, Madrid (Espa\u00f1a 2013)<\/span><\/p><p class=\"compact\"><strong><span style=\"font-family: Arial, sans-serif;\">Chile. <\/span><\/strong>Congreso Regional Latinoamericano InSEA (Chile, 2018)<br \/>Participaci\u00f3n como expositora seleccionada en el congreso <em>\u201cCartograf\u00edas de la educaci\u00f3n art\u00edstica y la multiculturalidad\u201d<\/em>, espacio de intercambio regional sobre pr\u00e1cticas, territorios y enfoques contempor\u00e1neos de la educaci\u00f3n art\u00edstica.<\/p><p class=\"compact\"><strong><span style=\"font-family: Arial, sans-serif;\">Argentina. <\/span><\/strong>Virtual Educa (XX Encuentro, 2018 \u2013 Buenos Aires)<br \/>Participaci\u00f3n como ponente seleccionada con la experiencia <em>\u201cBit\u00e1cora de una experiencia para la educaci\u00f3n anfibia\u201d<\/em> (Equipo de Educaci\u00f3n Digital Neuqu\u00e9n).<\/p><p class=\"compact\"><strong><span style=\"font-family: Arial, sans-serif;\">Colombia. <\/span><\/strong>II Congreso Internacional y Nacional de Dise\u00f1o Multidisciplinario<br \/>Universidad Aut\u00f3noma de Nari\u00f1o (Colombia, 2024)<br \/>Participaci\u00f3n como ponente virtual seleccionada con la ponencia <em>\u201cSusurro del agua, un puente a la resiliencia desde el arte\u201d<\/em>.<\/p><p class=\"compact\">\u00a0<\/p><\/li><\/ul>\t\t\t\t\t\t\t\t<\/div>\n\t\t\t\t<\/div>\n\t\t\t\t\t<\/div>\n\t\t<\/div>\n\t\t\t\t\t<\/div>\n\t\t<\/section>\n\t\t\t\t<section class=\"elementor-section elementor-top-section elementor-element elementor-element-eb62e34 elementor-section-boxed elementor-section-height-default elementor-section-height-default\" data-id=\"eb62e34\" data-element_type=\"section\" data-e-type=\"section\">\n\t\t\t\t\t\t<div class=\"elementor-container elementor-column-gap-default\">\n\t\t\t\t\t<div class=\"elementor-column elementor-col-100 elementor-top-column elementor-element elementor-element-26e3c62\" data-id=\"26e3c62\" data-element_type=\"column\" data-e-type=\"column\">\n\t\t\t<div class=\"elementor-widget-wrap elementor-element-populated\">\n\t\t\t\t\t\t<div class=\"elementor-element elementor-element-514fddb elementor-align-center elementor-widget elementor-widget-button\" data-id=\"514fddb\" data-element_type=\"widget\" data-e-type=\"widget\" data-widget_type=\"button.default\">\n\t\t\t\t<div class=\"elementor-widget-container\">\n\t\t\t\t\t\t\t\t\t<div class=\"elementor-button-wrapper\">\n\t\t\t\t\t<a class=\"elementor-button elementor-button-link elementor-size-sm\" href=\"http:\/\/patagoniarte.com\/wp-content\/uploads\/2026\/02\/Marina-Robledo.Formacion-Academica-y-Recorrido-profesional.pdf\" target=\"_blank\">\n\t\t\t\t\t\t<span class=\"elementor-button-content-wrapper\">\n\t\t\t\t\t\t\t\t\t<span class=\"elementor-button-text\">Descargar PDF<\/span>\n\t\t\t\t\t<\/span>\n\t\t\t\t\t<\/a>\n\t\t\t\t<\/div>\n\t\t\t\t\t\t\t\t<\/div>\n\t\t\t\t<\/div>\n\t\t\t\t\t<\/div>\n\t\t<\/div>\n\t\t\t\t\t<\/div>\n\t\t<\/section>\n\t\t\t\t<\/div>\n\t\t","protected":false},"excerpt":{"rendered":"<p>Mi trabajo se desarrolla en la intersecci\u00f3n entre arte, educaci\u00f3n, tecnolog\u00eda y territorio. Con el paso del tiempo he ido construyendo un recorrido que articula docencia, gesti\u00f3n educativa, producci\u00f3n art\u00edstica e investigaci\u00f3n, con un fuerte anclaje en lo p\u00fablico y en los procesos colectivos. \u00a0Esta p\u00e1gina re\u00fane, de forma curada, los principales hitos de mi [&hellip;]<\/p>\n","protected":false},"author":1,"featured_media":0,"parent":0,"menu_order":0,"comment_status":"closed","ping_status":"closed","template":"","meta":{"footnotes":""},"class_list":["post-469","page","type-page","status-publish","hentry"],"_links":{"self":[{"href":"https:\/\/patagoniarte.com\/index.php\/wp-json\/wp\/v2\/pages\/469","targetHints":{"allow":["GET"]}}],"collection":[{"href":"https:\/\/patagoniarte.com\/index.php\/wp-json\/wp\/v2\/pages"}],"about":[{"href":"https:\/\/patagoniarte.com\/index.php\/wp-json\/wp\/v2\/types\/page"}],"author":[{"embeddable":true,"href":"https:\/\/patagoniarte.com\/index.php\/wp-json\/wp\/v2\/users\/1"}],"replies":[{"embeddable":true,"href":"https:\/\/patagoniarte.com\/index.php\/wp-json\/wp\/v2\/comments?post=469"}],"version-history":[{"count":164,"href":"https:\/\/patagoniarte.com\/index.php\/wp-json\/wp\/v2\/pages\/469\/revisions"}],"predecessor-version":[{"id":1762,"href":"https:\/\/patagoniarte.com\/index.php\/wp-json\/wp\/v2\/pages\/469\/revisions\/1762"}],"wp:attachment":[{"href":"https:\/\/patagoniarte.com\/index.php\/wp-json\/wp\/v2\/media?parent=469"}],"curies":[{"name":"wp","href":"https:\/\/api.w.org\/{rel}","templated":true}]}}