{"id":1180,"date":"2026-02-17T18:59:53","date_gmt":"2026-02-17T21:59:53","guid":{"rendered":"https:\/\/patagoniarte.com\/?page_id=1180"},"modified":"2026-03-10T21:28:49","modified_gmt":"2026-03-11T00:28:49","slug":"talleranfibio","status":"publish","type":"page","link":"https:\/\/patagoniarte.com\/index.php\/talleranfibio\/","title":{"rendered":"Talleranfibio"},"content":{"rendered":"\t\t<div data-elementor-type=\"wp-page\" data-elementor-id=\"1180\" class=\"elementor elementor-1180\" data-elementor-post-type=\"page\">\n\t\t\t\t\t\t<section class=\"elementor-section elementor-top-section elementor-element elementor-element-61f826d elementor-section-boxed elementor-section-height-default elementor-section-height-default\" data-id=\"61f826d\" data-element_type=\"section\" data-e-type=\"section\">\n\t\t\t\t\t\t<div class=\"elementor-container elementor-column-gap-default\">\n\t\t\t\t\t<div class=\"elementor-column elementor-col-100 elementor-top-column elementor-element elementor-element-ded2a36\" data-id=\"ded2a36\" data-element_type=\"column\" data-e-type=\"column\">\n\t\t\t<div class=\"elementor-widget-wrap elementor-element-populated\">\n\t\t\t\t\t\t<div class=\"elementor-element elementor-element-23a45d2 elementor-widget elementor-widget-image\" data-id=\"23a45d2\" data-element_type=\"widget\" data-e-type=\"widget\" data-widget_type=\"image.default\">\n\t\t\t\t<div class=\"elementor-widget-container\">\n\t\t\t\t\t\t\t\t\t\t\t\t\t\t\t<img fetchpriority=\"high\" decoding=\"async\" width=\"768\" height=\"344\" src=\"https:\/\/patagoniarte.com\/wp-content\/uploads\/2026\/02\/talleranfibio-1-768x344.png\" class=\"attachment-medium_large size-medium_large wp-image-1029\" alt=\"\" srcset=\"https:\/\/patagoniarte.com\/wp-content\/uploads\/2026\/02\/talleranfibio-1-768x344.png 768w, https:\/\/patagoniarte.com\/wp-content\/uploads\/2026\/02\/talleranfibio-1-scaled-600x269.png 600w, https:\/\/patagoniarte.com\/wp-content\/uploads\/2026\/02\/talleranfibio-1-300x134.png 300w, https:\/\/patagoniarte.com\/wp-content\/uploads\/2026\/02\/talleranfibio-1-1024x459.png 1024w, https:\/\/patagoniarte.com\/wp-content\/uploads\/2026\/02\/talleranfibio-1-1536x688.png 1536w, https:\/\/patagoniarte.com\/wp-content\/uploads\/2026\/02\/talleranfibio-1-2048x918.png 2048w\" sizes=\"(max-width: 768px) 100vw, 768px\" \/>\t\t\t\t\t\t\t\t\t\t\t\t\t\t\t<\/div>\n\t\t\t\t<\/div>\n\t\t\t\t\t<\/div>\n\t\t<\/div>\n\t\t\t\t\t<\/div>\n\t\t<\/section>\n\t\t\t\t<section class=\"elementor-section elementor-top-section elementor-element elementor-element-099bc82 elementor-section-boxed elementor-section-height-default elementor-section-height-default\" data-id=\"099bc82\" data-element_type=\"section\" data-e-type=\"section\">\n\t\t\t\t\t\t<div class=\"elementor-container elementor-column-gap-default\">\n\t\t\t\t\t<div class=\"elementor-column elementor-col-100 elementor-top-column elementor-element elementor-element-ac048fa\" data-id=\"ac048fa\" data-element_type=\"column\" data-e-type=\"column\">\n\t\t\t<div class=\"elementor-widget-wrap elementor-element-populated\">\n\t\t\t\t\t\t<div class=\"elementor-element elementor-element-cd921a0 elementor-widget elementor-widget-heading\" data-id=\"cd921a0\" data-element_type=\"widget\" data-e-type=\"widget\" data-widget_type=\"heading.default\">\n\t\t\t\t<div class=\"elementor-widget-container\">\n\t\t\t\t\t<h5 class=\"elementor-heading-title elementor-size-default\">En proceso<\/h5>\t\t\t\t<\/div>\n\t\t\t\t<\/div>\n\t\t\t\t\t<\/div>\n\t\t<\/div>\n\t\t\t\t\t<\/div>\n\t\t<\/section>\n\t\t\t\t<section class=\"elementor-section elementor-top-section elementor-element elementor-element-fa677c6 elementor-section-boxed elementor-section-height-default elementor-section-height-default\" data-id=\"fa677c6\" data-element_type=\"section\" data-e-type=\"section\">\n\t\t\t\t\t\t<div class=\"elementor-container elementor-column-gap-default\">\n\t\t\t\t\t<div class=\"elementor-column elementor-col-100 elementor-top-column elementor-element elementor-element-cf44f3f\" data-id=\"cf44f3f\" data-element_type=\"column\" data-e-type=\"column\">\n\t\t\t<div class=\"elementor-widget-wrap elementor-element-populated\">\n\t\t\t\t\t\t<div class=\"elementor-element elementor-element-244438c elementor-widget elementor-widget-text-editor\" data-id=\"244438c\" data-element_type=\"widget\" data-e-type=\"widget\" data-widget_type=\"text-editor.default\">\n\t\t\t\t<div class=\"elementor-widget-container\">\n\t\t\t\t\t\t\t\t\t<p>Talleranfibio est\u00e1 atravesando una etapa de gestaci\u00f3n y ajuste fino.<br \/>Como todo lo vivo, necesita tiempo para reencontrar su forma.<\/p><p>Pr\u00f3ximamente volver\u00e1 a abrir sus puertas.<\/p>\t\t\t\t\t\t\t\t<\/div>\n\t\t\t\t<\/div>\n\t\t\t\t\t<\/div>\n\t\t<\/div>\n\t\t\t\t\t<\/div>\n\t\t<\/section>\n\t\t\t\t<\/div>\n\t\t","protected":false},"excerpt":{"rendered":"<p>En proceso Talleranfibio est\u00e1 atravesando una etapa de gestaci\u00f3n y ajuste fino.Como todo lo vivo, necesita tiempo para reencontrar su forma. Pr\u00f3ximamente volver\u00e1 a abrir sus puertas.<\/p>\n","protected":false},"author":1,"featured_media":0,"parent":0,"menu_order":0,"comment_status":"closed","ping_status":"closed","template":"","meta":{"footnotes":""},"class_list":["post-1180","page","type-page","status-publish","hentry"],"_links":{"self":[{"href":"https:\/\/patagoniarte.com\/index.php\/wp-json\/wp\/v2\/pages\/1180","targetHints":{"allow":["GET"]}}],"collection":[{"href":"https:\/\/patagoniarte.com\/index.php\/wp-json\/wp\/v2\/pages"}],"about":[{"href":"https:\/\/patagoniarte.com\/index.php\/wp-json\/wp\/v2\/types\/page"}],"author":[{"embeddable":true,"href":"https:\/\/patagoniarte.com\/index.php\/wp-json\/wp\/v2\/users\/1"}],"replies":[{"embeddable":true,"href":"https:\/\/patagoniarte.com\/index.php\/wp-json\/wp\/v2\/comments?post=1180"}],"version-history":[{"count":22,"href":"https:\/\/patagoniarte.com\/index.php\/wp-json\/wp\/v2\/pages\/1180\/revisions"}],"predecessor-version":[{"id":1792,"href":"https:\/\/patagoniarte.com\/index.php\/wp-json\/wp\/v2\/pages\/1180\/revisions\/1792"}],"wp:attachment":[{"href":"https:\/\/patagoniarte.com\/index.php\/wp-json\/wp\/v2\/media?parent=1180"}],"curies":[{"name":"wp","href":"https:\/\/api.w.org\/{rel}","templated":true}]}}