{"id":1156,"date":"2026-02-17T14:47:26","date_gmt":"2026-02-17T17:47:26","guid":{"rendered":"https:\/\/patagoniarte.com\/?page_id=1156"},"modified":"2026-03-10T21:11:48","modified_gmt":"2026-03-11T00:11:48","slug":"mentoriarte","status":"publish","type":"page","link":"https:\/\/patagoniarte.com\/index.php\/mentoriarte\/","title":{"rendered":"Mentoriarte"},"content":{"rendered":"\t\t<div data-elementor-type=\"wp-page\" data-elementor-id=\"1156\" class=\"elementor elementor-1156\" data-elementor-post-type=\"page\">\n\t\t\t\t\t\t<section class=\"elementor-section elementor-top-section elementor-element elementor-element-d47e66b elementor-section-boxed elementor-section-height-default elementor-section-height-default\" data-id=\"d47e66b\" data-element_type=\"section\" data-e-type=\"section\">\n\t\t\t\t\t\t<div class=\"elementor-container elementor-column-gap-default\">\n\t\t\t\t\t<div class=\"elementor-column elementor-col-100 elementor-top-column elementor-element elementor-element-40efb79\" data-id=\"40efb79\" data-element_type=\"column\" data-e-type=\"column\">\n\t\t\t<div class=\"elementor-widget-wrap elementor-element-populated\">\n\t\t\t\t\t\t<div class=\"elementor-element elementor-element-c4f001d elementor-widget elementor-widget-image\" data-id=\"c4f001d\" data-element_type=\"widget\" data-e-type=\"widget\" data-widget_type=\"image.default\">\n\t\t\t\t<div class=\"elementor-widget-container\">\n\t\t\t\t\t\t\t\t\t\t\t\t\t\t\t<img decoding=\"async\" width=\"150\" height=\"150\" src=\"https:\/\/patagoniarte.com\/wp-content\/uploads\/2026\/01\/cardo_uno-150x150.png\" class=\"attachment-thumbnail size-thumbnail wp-image-438\" alt=\"\" srcset=\"https:\/\/patagoniarte.com\/wp-content\/uploads\/2026\/01\/cardo_uno-150x150.png 150w, https:\/\/patagoniarte.com\/wp-content\/uploads\/2026\/01\/cardo_uno-300x300.png 300w, https:\/\/patagoniarte.com\/wp-content\/uploads\/2026\/01\/elementor\/thumbs\/cardo_uno-ria88zs4fhusphgi7gea3tyfejee5kz0hoytdr36y0.png 100w, https:\/\/patagoniarte.com\/wp-content\/uploads\/2026\/01\/elementor\/thumbs\/cardo_uno-ria88zs4x1ddcopzz0qqy9hrth31ma9auesvuba2yg.png 140w, https:\/\/patagoniarte.com\/wp-content\/uploads\/2026\/01\/elementor\/thumbs\/cardo_uno-ria88zs4o9m3133938kij1q3m08pvxm5o1vum16my8.png 120w, https:\/\/patagoniarte.com\/wp-content\/uploads\/2026\/01\/elementor\/thumbs\/cardo_uno-ria88zs46q3idvtrbo81om6r72k2f8bvbc1s5gzqxs.png 80w, https:\/\/patagoniarte.com\/wp-content\/uploads\/2026\/01\/elementor\/thumbs\/cardo_uno-ria88zs3xyc82a70fw1t9ef2zlpqovoq4z4qx6waxk.png 60w, https:\/\/patagoniarte.com\/wp-content\/uploads\/2026\/01\/elementor\/thumbs\/cardo_uno-ria88zs4b3z5jon4rkb5w82lasz8aenfwiiarm1gxw.png 90w\" sizes=\"(max-width: 150px) 100vw, 150px\" \/>\t\t\t\t\t\t\t\t\t\t\t\t\t\t\t<\/div>\n\t\t\t\t<\/div>\n\t\t\t\t\t<\/div>\n\t\t<\/div>\n\t\t\t\t\t<\/div>\n\t\t<\/section>\n\t\t\t\t<section class=\"elementor-section elementor-top-section elementor-element elementor-element-f910b31 elementor-section-boxed elementor-section-height-default elementor-section-height-default\" data-id=\"f910b31\" data-element_type=\"section\" data-e-type=\"section\">\n\t\t\t\t\t\t<div class=\"elementor-container elementor-column-gap-default\">\n\t\t\t\t\t<div class=\"elementor-column elementor-col-100 elementor-top-column elementor-element elementor-element-01cdd77\" data-id=\"01cdd77\" data-element_type=\"column\" data-e-type=\"column\">\n\t\t\t<div class=\"elementor-widget-wrap elementor-element-populated\">\n\t\t\t\t\t\t<div class=\"elementor-element elementor-element-14866c1 elementor-widget elementor-widget-image\" data-id=\"14866c1\" data-element_type=\"widget\" data-e-type=\"widget\" data-widget_type=\"image.default\">\n\t\t\t\t<div class=\"elementor-widget-container\">\n\t\t\t\t\t\t\t\t\t\t\t\t\t\t\t<img fetchpriority=\"high\" decoding=\"async\" width=\"768\" height=\"315\" src=\"https:\/\/patagoniarte.com\/wp-content\/uploads\/2026\/02\/mentoriarte-768x315.png\" class=\"attachment-medium_large size-medium_large wp-image-813\" alt=\"\" srcset=\"https:\/\/patagoniarte.com\/wp-content\/uploads\/2026\/02\/mentoriarte-768x315.png 768w, https:\/\/patagoniarte.com\/wp-content\/uploads\/2026\/02\/mentoriarte-600x246.png 600w, https:\/\/patagoniarte.com\/wp-content\/uploads\/2026\/02\/mentoriarte-300x123.png 300w, https:\/\/patagoniarte.com\/wp-content\/uploads\/2026\/02\/mentoriarte-1024x420.png 1024w, https:\/\/patagoniarte.com\/wp-content\/uploads\/2026\/02\/mentoriarte-1536x629.png 1536w, https:\/\/patagoniarte.com\/wp-content\/uploads\/2026\/02\/mentoriarte-2048x839.png 2048w\" sizes=\"(max-width: 768px) 100vw, 768px\" \/>\t\t\t\t\t\t\t\t\t\t\t\t\t\t\t<\/div>\n\t\t\t\t<\/div>\n\t\t\t\t\t<\/div>\n\t\t<\/div>\n\t\t\t\t\t<\/div>\n\t\t<\/section>\n\t\t\t\t<section class=\"elementor-section elementor-top-section elementor-element elementor-element-742b57e elementor-section-boxed elementor-section-height-default elementor-section-height-default\" data-id=\"742b57e\" data-element_type=\"section\" data-e-type=\"section\">\n\t\t\t\t\t\t<div class=\"elementor-container elementor-column-gap-default\">\n\t\t\t\t\t<div class=\"elementor-column elementor-col-100 elementor-top-column elementor-element elementor-element-5f7009f\" data-id=\"5f7009f\" data-element_type=\"column\" data-e-type=\"column\">\n\t\t\t<div class=\"elementor-widget-wrap elementor-element-populated\">\n\t\t\t\t\t\t<div class=\"elementor-element elementor-element-a679c69 elementor-widget elementor-widget-heading\" data-id=\"a679c69\" data-element_type=\"widget\" data-e-type=\"widget\" data-widget_type=\"heading.default\">\n\t\t\t\t<div class=\"elementor-widget-container\">\n\t\t\t\t\t<h5 class=\"elementor-heading-title elementor-size-default\">En proceso<\/h5>\t\t\t\t<\/div>\n\t\t\t\t<\/div>\n\t\t\t\t\t<\/div>\n\t\t<\/div>\n\t\t\t\t\t<\/div>\n\t\t<\/section>\n\t\t\t\t<section class=\"elementor-section elementor-top-section elementor-element elementor-element-c835c38 elementor-section-boxed elementor-section-height-default elementor-section-height-default\" data-id=\"c835c38\" data-element_type=\"section\" data-e-type=\"section\">\n\t\t\t\t\t\t<div class=\"elementor-container elementor-column-gap-default\">\n\t\t\t\t\t<div class=\"elementor-column elementor-col-100 elementor-top-column elementor-element elementor-element-441cde5\" data-id=\"441cde5\" data-element_type=\"column\" data-e-type=\"column\">\n\t\t\t<div class=\"elementor-widget-wrap elementor-element-populated\">\n\t\t\t\t\t\t<div class=\"elementor-element elementor-element-f77ca80 elementor-widget elementor-widget-text-editor\" data-id=\"f77ca80\" data-element_type=\"widget\" data-e-type=\"widget\" data-widget_type=\"text-editor.default\">\n\t\t\t\t<div class=\"elementor-widget-container\">\n\t\t\t\t\t\t\t\t\t<p>Mentoriarte est\u00e1 atravesando una etapa de gestaci\u00f3n y ajuste fino.<br \/>Como todo lo vivo, necesita tiempo para reencontrar su forma.<\/p><p>Pr\u00f3ximamente volver\u00e1 a estar disponible.<\/p>\t\t\t\t\t\t\t\t<\/div>\n\t\t\t\t<\/div>\n\t\t\t\t\t<\/div>\n\t\t<\/div>\n\t\t\t\t\t<\/div>\n\t\t<\/section>\n\t\t\t\t<section class=\"elementor-section elementor-top-section elementor-element elementor-element-4a2a662 elementor-section-boxed elementor-section-height-default elementor-section-height-default\" data-id=\"4a2a662\" data-element_type=\"section\" data-e-type=\"section\">\n\t\t\t\t\t\t<div class=\"elementor-container elementor-column-gap-default\">\n\t\t\t\t\t<div class=\"elementor-column elementor-col-100 elementor-top-column elementor-element elementor-element-1d3d0b5\" data-id=\"1d3d0b5\" data-element_type=\"column\" data-e-type=\"column\">\n\t\t\t<div class=\"elementor-widget-wrap elementor-element-populated\">\n\t\t\t\t\t\t<div class=\"elementor-element elementor-element-efe0370 elementor-widget elementor-widget-text-editor\" data-id=\"efe0370\" data-element_type=\"widget\" data-e-type=\"widget\" data-widget_type=\"text-editor.default\">\n\t\t\t\t<div class=\"elementor-widget-container\">\n\t\t\t\t\t\t\t\t\t<p>Si sent\u00eds que Mentoriarte puede acompa\u00f1ar tu proceso creativo o profesional, pod\u00e9s dejar tu contacto para avisarte cuando vuelva a estar disponible.<\/p>\t\t\t\t\t\t\t\t<\/div>\n\t\t\t\t<\/div>\n\t\t\t\t<div class=\"elementor-element elementor-element-bd0546d elementor-align-center elementor-widget elementor-widget-button\" data-id=\"bd0546d\" data-element_type=\"widget\" data-e-type=\"widget\" data-widget_type=\"button.default\">\n\t\t\t\t<div class=\"elementor-widget-container\">\n\t\t\t\t\t\t\t\t\t<div class=\"elementor-button-wrapper\">\n\t\t\t\t\t<a class=\"elementor-button elementor-button-link elementor-size-sm\" href=\"https:\/\/patagoniarte.com\/index.php\/consulta-mentoriarte\/\">\n\t\t\t\t\t\t<span class=\"elementor-button-content-wrapper\">\n\t\t\t\t\t\t\t\t\t<span class=\"elementor-button-text\">Avisarme cuando est\u00e9 disponible<\/span>\n\t\t\t\t\t<\/span>\n\t\t\t\t\t<\/a>\n\t\t\t\t<\/div>\n\t\t\t\t\t\t\t\t<\/div>\n\t\t\t\t<\/div>\n\t\t\t\t\t<\/div>\n\t\t<\/div>\n\t\t\t\t\t<\/div>\n\t\t<\/section>\n\t\t\t\t<\/div>\n\t\t","protected":false},"excerpt":{"rendered":"<p>En proceso Mentoriarte est\u00e1 atravesando una etapa de gestaci\u00f3n y ajuste fino.Como todo lo vivo, necesita tiempo para reencontrar su forma. Pr\u00f3ximamente volver\u00e1 a estar disponible. Si sent\u00eds que Mentoriarte puede acompa\u00f1ar tu proceso creativo o profesional, pod\u00e9s dejar tu contacto para avisarte cuando vuelva a estar disponible. Avisarme cuando est\u00e9 disponible<\/p>\n","protected":false},"author":1,"featured_media":0,"parent":0,"menu_order":0,"comment_status":"closed","ping_status":"closed","template":"","meta":{"footnotes":""},"class_list":["post-1156","page","type-page","status-publish","hentry"],"_links":{"self":[{"href":"https:\/\/patagoniarte.com\/index.php\/wp-json\/wp\/v2\/pages\/1156","targetHints":{"allow":["GET"]}}],"collection":[{"href":"https:\/\/patagoniarte.com\/index.php\/wp-json\/wp\/v2\/pages"}],"about":[{"href":"https:\/\/patagoniarte.com\/index.php\/wp-json\/wp\/v2\/types\/page"}],"author":[{"embeddable":true,"href":"https:\/\/patagoniarte.com\/index.php\/wp-json\/wp\/v2\/users\/1"}],"replies":[{"embeddable":true,"href":"https:\/\/patagoniarte.com\/index.php\/wp-json\/wp\/v2\/comments?post=1156"}],"version-history":[{"count":28,"href":"https:\/\/patagoniarte.com\/index.php\/wp-json\/wp\/v2\/pages\/1156\/revisions"}],"predecessor-version":[{"id":1777,"href":"https:\/\/patagoniarte.com\/index.php\/wp-json\/wp\/v2\/pages\/1156\/revisions\/1777"}],"wp:attachment":[{"href":"https:\/\/patagoniarte.com\/index.php\/wp-json\/wp\/v2\/media?parent=1156"}],"curies":[{"name":"wp","href":"https:\/\/api.w.org\/{rel}","templated":true}]}}